{"id":45,"date":"2025-04-15T17:32:10","date_gmt":"2025-04-15T15:32:10","guid":{"rendered":"https:\/\/grandbenidorm.es\/?page_id=45"},"modified":"2025-11-29T21:52:59","modified_gmt":"2025-11-29T20:52:59","slug":"nuestra-historia","status":"publish","type":"page","link":"https:\/\/grandbenidorm.es\/en\/nuestra-historia\/","title":{"rendered":"Our history"},"content":{"rendered":"<div data-elementor-type=\"wp-page\" data-elementor-id=\"45\" class=\"elementor elementor-45\" data-elementor-post-type=\"page\">\n\t\t\t\t<div class=\"elementor-element elementor-element-e7d3485 e-flex e-con-boxed e-con e-parent\" data-id=\"e7d3485\" data-element_type=\"container\" data-e-type=\"container\">\n\t\t\t\t\t<div class=\"e-con-inner\">\n\t\t<div class=\"elementor-element elementor-element-57486df e-con-full e-flex e-con e-child\" data-id=\"57486df\" data-element_type=\"container\" data-e-type=\"container\">\n\t\t<main class=\"elementor-element elementor-element-dd92ead e-con-full e-flex e-con e-child\" data-id=\"dd92ead\" data-element_type=\"container\" data-e-type=\"container\">\n\t\t\t\t<div class=\"elementor-element elementor-element-43e6839 elementor-widget elementor-widget-heading\" data-id=\"43e6839\" data-element_type=\"widget\" data-e-type=\"widget\" data-widget_type=\"heading.default\">\n\t\t\t\t<div class=\"elementor-widget-container\">\n\t\t\t\t\t<h1 class=\"elementor-heading-title elementor-size-default\">How our journey began<\/h1>\t\t\t\t<\/div>\n\t\t\t\t<\/div>\n\t\t\t\t<div class=\"elementor-element elementor-element-a5bc787 elementor-widget elementor-widget-html\" data-id=\"a5bc787\" data-element_type=\"widget\" data-e-type=\"widget\" data-widget_type=\"html.default\">\n\t\t\t\t<div class=\"elementor-widget-container\">\n\t\t\t\t\t<div class=\"line-container\">\r\n    <div class=\"line\">\r\n        <div class=\"hotspot\" style=\"left: 0;\">\r\n            <div class=\"dot\"><\/div>\r\n            <div class=\"label\">From Sweden<\/div>\r\n            <p>Step 1<\/p>\r\n        <\/div>\r\n        <div class=\"hotspot\" style=\"left: 33.33%;\">\r\n            <div class=\"dot\"><\/div>\r\n            <div class=\"label\">Our culture<\/div>\r\n            <p>Step 2<\/p>\r\n        <\/div>\r\n        <div class=\"hotspot\" style=\"left: 66.66%;\">\r\n            <div class=\"dot\"><\/div>\r\n            <div class=\"label\">Benidrom<\/div>\r\n            <p>Step 3<\/p>\r\n        <\/div>\r\n        <div class=\"hotspot\" style=\"left: 100%;\">\r\n            <div class=\"dot\"><\/div>\r\n            <div class=\"label\">Grand Benidorm<\/div>\r\n            <p>Step 4<\/p>\r\n        <\/div>\r\n    <\/div>\r\n<\/div>\r\n\t\t\t\t<\/div>\n\t\t\t\t<\/div>\n\t\t\t\t<\/main>\n\t\t<div class=\"elementor-element elementor-element-cedccff e-con-full e-flex e-con e-child\" data-id=\"cedccff\" data-element_type=\"container\" data-e-type=\"container\" data-settings=\"{&quot;background_background&quot;:&quot;classic&quot;}\">\n\t\t<div class=\"elementor-element elementor-element-eb8210e e-con-full e-flex e-con e-child\" data-id=\"eb8210e\" data-element_type=\"container\" data-e-type=\"container\">\n\t\t\t\t<div class=\"elementor-element elementor-element-0e96305 elementor-widget elementor-widget-heading\" data-id=\"0e96305\" data-element_type=\"widget\" data-e-type=\"widget\" data-widget_type=\"heading.default\">\n\t\t\t\t<div class=\"elementor-widget-container\">\n\t\t\t\t\t<p class=\"elementor-heading-title elementor-size-default\">Step 1<\/p>\t\t\t\t<\/div>\n\t\t\t\t<\/div>\n\t\t\t\t<div class=\"elementor-element elementor-element-c93b204 elementor-widget elementor-widget-heading\" data-id=\"c93b204\" data-element_type=\"widget\" data-e-type=\"widget\" data-widget_type=\"heading.default\">\n\t\t\t\t<div class=\"elementor-widget-container\">\n\t\t\t\t\t<h1 class=\"elementor-heading-title elementor-size-default\">From Sweden<\/h1>\t\t\t\t<\/div>\n\t\t\t\t<\/div>\n\t\t\t\t<div class=\"elementor-element elementor-element-eeded81 elementor-widget-divider--view-line elementor-widget elementor-widget-divider\" data-id=\"eeded81\" data-element_type=\"widget\" data-e-type=\"widget\" data-widget_type=\"divider.default\">\n\t\t\t\t<div class=\"elementor-widget-container\">\n\t\t\t\t\t\t\t<div class=\"elementor-divider\">\n\t\t\t<span class=\"elementor-divider-separator\">\n\t\t\t\t\t\t<\/span>\n\t\t<\/div>\n\t\t\t\t\t\t<\/div>\n\t\t\t\t<\/div>\n\t\t\t\t<div class=\"elementor-element elementor-element-4921a35 elementor-widget elementor-widget-text-editor\" data-id=\"4921a35\" data-element_type=\"widget\" data-e-type=\"widget\" data-widget_type=\"text-editor.default\">\n\t\t\t\t<div class=\"elementor-widget-container\">\n\t\t\t\t\t\t\t\t\t<p>We come from Sweden, but our hearts carry a rich cultural heritage from the Middle East. Food has always been an important part of our lives: something that brings people together, tells stories, and evokes memories. The dream of sharing our flavors and traditions with others grows stronger every year.<\/p>\t\t\t\t\t\t\t\t<\/div>\n\t\t\t\t<\/div>\n\t\t\t\t<\/div>\n\t\t<div class=\"elementor-element elementor-element-cd2b5b8 e-con-full e-flex e-con e-child\" data-id=\"cd2b5b8\" data-element_type=\"container\" data-e-type=\"container\" data-settings=\"{&quot;background_background&quot;:&quot;classic&quot;}\">\n\t\t\t\t<div class=\"elementor-element elementor-element-05df4d1 elementor-widget elementor-widget-spacer\" data-id=\"05df4d1\" data-element_type=\"widget\" data-e-type=\"widget\" data-widget_type=\"spacer.default\">\n\t\t\t\t<div class=\"elementor-widget-container\">\n\t\t\t\t\t\t\t<div class=\"elementor-spacer\">\n\t\t\t<div class=\"elementor-spacer-inner\"><\/div>\n\t\t<\/div>\n\t\t\t\t\t\t<\/div>\n\t\t\t\t<\/div>\n\t\t\t\t<\/div>\n\t\t\t\t<\/div>\n\t\t<div class=\"elementor-element elementor-element-06c6a7c e-con-full e-flex e-con e-child\" data-id=\"06c6a7c\" data-element_type=\"container\" data-e-type=\"container\" data-settings=\"{&quot;background_background&quot;:&quot;classic&quot;}\">\n\t\t<div class=\"elementor-element elementor-element-56a5b31 e-con-full e-flex e-con e-child\" data-id=\"56a5b31\" data-element_type=\"container\" data-e-type=\"container\" data-settings=\"{&quot;background_background&quot;:&quot;classic&quot;}\">\n\t\t\t\t<div class=\"elementor-element elementor-element-a58889e elementor-widget elementor-widget-spacer\" data-id=\"a58889e\" data-element_type=\"widget\" data-e-type=\"widget\" data-widget_type=\"spacer.default\">\n\t\t\t\t<div class=\"elementor-widget-container\">\n\t\t\t\t\t\t\t<div class=\"elementor-spacer\">\n\t\t\t<div class=\"elementor-spacer-inner\"><\/div>\n\t\t<\/div>\n\t\t\t\t\t\t<\/div>\n\t\t\t\t<\/div>\n\t\t\t\t<\/div>\n\t\t<div class=\"elementor-element elementor-element-90c756c e-con-full e-flex e-con e-child\" data-id=\"90c756c\" data-element_type=\"container\" data-e-type=\"container\">\n\t\t\t\t<div class=\"elementor-element elementor-element-4503a22 elementor-widget elementor-widget-heading\" data-id=\"4503a22\" data-element_type=\"widget\" data-e-type=\"widget\" data-widget_type=\"heading.default\">\n\t\t\t\t<div class=\"elementor-widget-container\">\n\t\t\t\t\t<p class=\"elementor-heading-title elementor-size-default\">Step 2<\/p>\t\t\t\t<\/div>\n\t\t\t\t<\/div>\n\t\t\t\t<div class=\"elementor-element elementor-element-3bff241 elementor-widget elementor-widget-heading\" data-id=\"3bff241\" data-element_type=\"widget\" data-e-type=\"widget\" data-widget_type=\"heading.default\">\n\t\t\t\t<div class=\"elementor-widget-container\">\n\t\t\t\t\t<h2 class=\"elementor-heading-title elementor-size-default\">Dubai on a plate \u2013 Spain in the heart<\/h2>\t\t\t\t<\/div>\n\t\t\t\t<\/div>\n\t\t\t\t<div class=\"elementor-element elementor-element-5a9ca5e elementor-widget-divider--view-line elementor-widget elementor-widget-divider\" data-id=\"5a9ca5e\" data-element_type=\"widget\" data-e-type=\"widget\" data-widget_type=\"divider.default\">\n\t\t\t\t<div class=\"elementor-widget-container\">\n\t\t\t\t\t\t\t<div class=\"elementor-divider\">\n\t\t\t<span class=\"elementor-divider-separator\">\n\t\t\t\t\t\t<\/span>\n\t\t<\/div>\n\t\t\t\t\t\t<\/div>\n\t\t\t\t<\/div>\n\t\t\t\t<div class=\"elementor-element elementor-element-35c450a elementor-widget elementor-widget-text-editor\" data-id=\"35c450a\" data-element_type=\"widget\" data-e-type=\"widget\" data-widget_type=\"text-editor.default\">\n\t\t\t\t<div class=\"elementor-widget-container\">\n\t\t\t\t\t\t\t\t\t<p>The idea for Grand Benidorm was born from a desire to combine the best of both worlds: the flavorful cuisine of the Middle East and the relaxed Mediterranean lifestyle. We wanted to create a place where the colors and flavors of Dubai meet the warmth of Spain, and where every meal is a journey in itself.<\/p>\t\t\t\t\t\t\t\t<\/div>\n\t\t\t\t<\/div>\n\t\t\t\t<\/div>\n\t\t\t\t<\/div>\n\t\t<div class=\"elementor-element elementor-element-f9552f8 e-con-full e-flex e-con e-child\" data-id=\"f9552f8\" data-element_type=\"container\" data-e-type=\"container\" data-settings=\"{&quot;background_background&quot;:&quot;classic&quot;}\">\n\t\t<div class=\"elementor-element elementor-element-d16c08f e-con-full e-flex e-con e-child\" data-id=\"d16c08f\" data-element_type=\"container\" data-e-type=\"container\">\n\t\t\t\t<div class=\"elementor-element elementor-element-0074232 elementor-widget elementor-widget-heading\" data-id=\"0074232\" data-element_type=\"widget\" data-e-type=\"widget\" data-widget_type=\"heading.default\">\n\t\t\t\t<div class=\"elementor-widget-container\">\n\t\t\t\t\t<p class=\"elementor-heading-title elementor-size-default\">Step 3<\/p>\t\t\t\t<\/div>\n\t\t\t\t<\/div>\n\t\t\t\t<div class=\"elementor-element elementor-element-d99865e elementor-widget elementor-widget-heading\" data-id=\"d99865e\" data-element_type=\"widget\" data-e-type=\"widget\" data-widget_type=\"heading.default\">\n\t\t\t\t<div class=\"elementor-widget-container\">\n\t\t\t\t\t<h3 class=\"elementor-heading-title elementor-size-default\">We loved Benidorm<\/h3>\t\t\t\t<\/div>\n\t\t\t\t<\/div>\n\t\t\t\t<div class=\"elementor-element elementor-element-5e6e26a elementor-widget-divider--view-line elementor-widget elementor-widget-divider\" data-id=\"5e6e26a\" data-element_type=\"widget\" data-e-type=\"widget\" data-widget_type=\"divider.default\">\n\t\t\t\t<div class=\"elementor-widget-container\">\n\t\t\t\t\t\t\t<div class=\"elementor-divider\">\n\t\t\t<span class=\"elementor-divider-separator\">\n\t\t\t\t\t\t<\/span>\n\t\t<\/div>\n\t\t\t\t\t\t<\/div>\n\t\t\t\t<\/div>\n\t\t\t\t<div class=\"elementor-element elementor-element-4135758 elementor-widget elementor-widget-text-editor\" data-id=\"4135758\" data-element_type=\"widget\" data-e-type=\"widget\" data-widget_type=\"text-editor.default\">\n\t\t\t\t<div class=\"elementor-widget-container\">\n\t\t\t\t\t\t\t\t\t<p>The choice fell on Benidorm: a lively, sunny city with an international atmosphere, beautiful beaches, and visitors from all over the world. It's a place where cultures meet, where there's curiosity for new flavors, and where people come to enjoy life. It seemed right to open our first store outside of Sweden.<\/p>\t\t\t\t\t\t\t\t<\/div>\n\t\t\t\t<\/div>\n\t\t\t\t<\/div>\n\t\t<div class=\"elementor-element elementor-element-329ab77 e-con-full e-flex e-con e-child\" data-id=\"329ab77\" data-element_type=\"container\" data-e-type=\"container\" data-settings=\"{&quot;background_background&quot;:&quot;classic&quot;}\">\n\t\t\t\t<div class=\"elementor-element elementor-element-55c0af5 elementor-widget elementor-widget-spacer\" data-id=\"55c0af5\" data-element_type=\"widget\" data-e-type=\"widget\" data-widget_type=\"spacer.default\">\n\t\t\t\t<div class=\"elementor-widget-container\">\n\t\t\t\t\t\t\t<div class=\"elementor-spacer\">\n\t\t\t<div class=\"elementor-spacer-inner\"><\/div>\n\t\t<\/div>\n\t\t\t\t\t\t<\/div>\n\t\t\t\t<\/div>\n\t\t\t\t<\/div>\n\t\t\t\t<\/div>\n\t\t<div class=\"elementor-element elementor-element-e1e2b51 e-con-full e-flex e-con e-child\" data-id=\"e1e2b51\" data-element_type=\"container\" data-e-type=\"container\" data-settings=\"{&quot;background_background&quot;:&quot;classic&quot;}\">\n\t\t<div class=\"elementor-element elementor-element-345e7fb e-con-full e-flex e-con e-child\" data-id=\"345e7fb\" data-element_type=\"container\" data-e-type=\"container\" data-settings=\"{&quot;background_background&quot;:&quot;classic&quot;}\">\n\t\t\t\t<div class=\"elementor-element elementor-element-3d62e3d elementor-widget elementor-widget-spacer\" data-id=\"3d62e3d\" data-element_type=\"widget\" data-e-type=\"widget\" data-widget_type=\"spacer.default\">\n\t\t\t\t<div class=\"elementor-widget-container\">\n\t\t\t\t\t\t\t<div class=\"elementor-spacer\">\n\t\t\t<div class=\"elementor-spacer-inner\"><\/div>\n\t\t<\/div>\n\t\t\t\t\t\t<\/div>\n\t\t\t\t<\/div>\n\t\t\t\t<\/div>\n\t\t<div class=\"elementor-element elementor-element-a8aa5b4 e-con-full e-flex e-con e-child\" data-id=\"a8aa5b4\" data-element_type=\"container\" data-e-type=\"container\">\n\t\t\t\t<div class=\"elementor-element elementor-element-91f23db elementor-widget elementor-widget-heading\" data-id=\"91f23db\" data-element_type=\"widget\" data-e-type=\"widget\" data-widget_type=\"heading.default\">\n\t\t\t\t<div class=\"elementor-widget-container\">\n\t\t\t\t\t<p class=\"elementor-heading-title elementor-size-default\">Step 4<\/p>\t\t\t\t<\/div>\n\t\t\t\t<\/div>\n\t\t\t\t<div class=\"elementor-element elementor-element-9e992e1 elementor-widget elementor-widget-heading\" data-id=\"9e992e1\" data-element_type=\"widget\" data-e-type=\"widget\" data-widget_type=\"heading.default\">\n\t\t\t\t<div class=\"elementor-widget-container\">\n\t\t\t\t\t<h4 class=\"elementor-heading-title elementor-size-default\">From fantasy to reality<\/h4>\t\t\t\t<\/div>\n\t\t\t\t<\/div>\n\t\t\t\t<div class=\"elementor-element elementor-element-6d304eb elementor-widget-divider--view-line elementor-widget elementor-widget-divider\" data-id=\"6d304eb\" data-element_type=\"widget\" data-e-type=\"widget\" data-widget_type=\"divider.default\">\n\t\t\t\t<div class=\"elementor-widget-container\">\n\t\t\t\t\t\t\t<div class=\"elementor-divider\">\n\t\t\t<span class=\"elementor-divider-separator\">\n\t\t\t\t\t\t<\/span>\n\t\t<\/div>\n\t\t\t\t\t\t<\/div>\n\t\t\t\t<\/div>\n\t\t\t\t<div class=\"elementor-element elementor-element-082c77f elementor-widget elementor-widget-text-editor\" data-id=\"082c77f\" data-element_type=\"widget\" data-e-type=\"widget\" data-widget_type=\"text-editor.default\">\n\t\t\t\t<div class=\"elementor-widget-container\">\n\t\t\t\t\t\t\t\t\t<p class=\"translation-block\">Grand Benidorm is more than a restaurant: it's a dream come true. From the initial ideas on paper to the aroma of freshly grilled food wafting from the kitchen, we've poured our hearts into every detail. We proudly open our doors and invite you to share our journey: a story of good taste, served with heart.<\/p>\t\t\t\t\t\t\t\t<\/div>\n\t\t\t\t<\/div>\n\t\t\t\t<\/div>\n\t\t\t\t<\/div>\n\t\t\t\t<\/div>\n\t\t\t\t\t<\/div>\n\t\t\t\t<\/div>\n\t\t<div class=\"elementor-element elementor-element-563b574 e-flex e-con-boxed e-con e-parent\" data-id=\"563b574\" data-element_type=\"container\" data-e-type=\"container\">\n\t\t\t\t\t<div class=\"e-con-inner\">\n\t\t<div class=\"elementor-element elementor-element-27a6705 e-con-full e-flex e-con e-child\" data-id=\"27a6705\" data-element_type=\"container\" data-e-type=\"container\">\n\t\t<div class=\"elementor-element elementor-element-7c27321 e-con-full e-flex e-con e-child\" data-id=\"7c27321\" data-element_type=\"container\" data-e-type=\"container\">\n\t\t\t\t<div class=\"elementor-element elementor-element-6eec626 elementor-widget elementor-widget-spacer\" data-id=\"6eec626\" data-element_type=\"widget\" data-e-type=\"widget\" data-widget_type=\"spacer.default\">\n\t\t\t\t<div class=\"elementor-widget-container\">\n\t\t\t\t\t\t\t<div class=\"elementor-spacer\">\n\t\t\t<div class=\"elementor-spacer-inner\"><\/div>\n\t\t<\/div>\n\t\t\t\t\t\t<\/div>\n\t\t\t\t<\/div>\n\t\t\t\t<\/div>\n\t\t\t\t<\/div>\n\t\t\t\t\t<\/div>\n\t\t\t\t<\/div>\n\t\t\t\t<\/div>","protected":false},"excerpt":{"rendered":"<p>C\u00f3mo empez\u00f3 nuestro viaje De Suecia Paso 1 Nuestra cultura Paso 2 Benidrom Paso 3 Grand Benidorm Paso 4 Paso 1 De Suecia Venimos de Suecia, pero nuestros corazones llevan una rica herencia cultural del Medio Oriente. La comida siempre ha sido una parte importante de nuestras vidas: algo que une a las personas, cuenta [&hellip;]<\/p>\n","protected":false},"author":1,"featured_media":808,"parent":0,"menu_order":0,"comment_status":"closed","ping_status":"closed","template":"elementor_header_footer","meta":{"footnotes":""},"class_list":["post-45","page","type-page","status-publish","has-post-thumbnail","hentry"],"yoast_head":"<!-- This site is optimized with the Yoast SEO plugin v27.1.1 - https:\/\/yoast.com\/product\/yoast-seo-wordpress\/ -->\n<title>Nuestra historia - Grand Benidorm<\/title>\n<meta name=\"description\" content=\"C\u00f3mo empez\u00f3 nuestro viaje, desde la idea hasta la apertura de nuestro restaurante Grand Dubai en Benidorm\" \/>\n<meta name=\"robots\" content=\"index, follow, max-snippet:-1, max-image-preview:large, max-video-preview:-1\" \/>\n<link rel=\"canonical\" href=\"https:\/\/grandbenidorm.es\/en\/nuestra-historia\/\" \/>\n<meta property=\"og:locale\" content=\"en_US\" \/>\n<meta property=\"og:type\" content=\"article\" \/>\n<meta property=\"og:title\" content=\"C\u00f3mo empez\u00f3 nuestro viaje\" \/>\n<meta property=\"og:description\" content=\"C\u00f3mo empez\u00f3 nuestro viaje, desde la idea hasta la apertura de nuestro restaurante Grand Dubai en Benidorm\" \/>\n<meta property=\"og:url\" content=\"https:\/\/grandbenidorm.es\/en\/nuestra-historia\/\" \/>\n<meta property=\"og:site_name\" content=\"Grand Benidorm\" \/>\n<meta property=\"article:modified_time\" content=\"2025-11-29T20:52:59+00:00\" \/>\n<meta property=\"og:image\" content=\"https:\/\/grandbenidorm.es\/wp-content\/uploads\/2025\/05\/Grand-Dubai.png\" \/>\n\t<meta property=\"og:image:width\" content=\"300\" \/>\n\t<meta property=\"og:image:height\" content=\"200\" \/>\n\t<meta property=\"og:image:type\" content=\"image\/png\" \/>\n<meta name=\"twitter:card\" content=\"summary_large_image\" \/>\n<meta name=\"twitter:title\" content=\"C\u00f3mo empez\u00f3 nuestro viaje\" \/>\n<meta name=\"twitter:description\" content=\"C\u00f3mo empez\u00f3 nuestro viaje, desde la idea hasta la apertura de nuestro restaurante Grand Dubai en Benidorm\" \/>\n<meta name=\"twitter:image\" content=\"https:\/\/grandbenidorm.es\/wp-content\/uploads\/2025\/05\/Grand-Dubai.png\" \/>\n<meta name=\"twitter:label1\" content=\"Est. reading time\" \/>\n\t<meta name=\"twitter:data1\" content=\"2 minutes\" \/>\n<script type=\"application\/ld+json\" class=\"yoast-schema-graph\">{\"@context\":\"https:\/\/schema.org\",\"@graph\":[{\"@type\":\"WebPage\",\"@id\":\"https:\/\/grandbenidorm.es\/nuestra-historia\/\",\"url\":\"https:\/\/grandbenidorm.es\/nuestra-historia\/\",\"name\":\"Nuestra historia - Grand Benidorm\",\"isPartOf\":{\"@id\":\"https:\/\/grandbenidorm.es\/#website\"},\"primaryImageOfPage\":{\"@id\":\"https:\/\/grandbenidorm.es\/nuestra-historia\/#primaryimage\"},\"image\":{\"@id\":\"https:\/\/grandbenidorm.es\/nuestra-historia\/#primaryimage\"},\"thumbnailUrl\":\"https:\/\/grandbenidorm.es\/wp-content\/uploads\/2025\/11\/Grand-Benidorm-Logo-Google-V3-1.png\",\"datePublished\":\"2025-04-15T15:32:10+00:00\",\"dateModified\":\"2025-11-29T20:52:59+00:00\",\"description\":\"C\u00f3mo empez\u00f3 nuestro viaje, desde la idea hasta la apertura de nuestro restaurante Grand Dubai en Benidorm\",\"breadcrumb\":{\"@id\":\"https:\/\/grandbenidorm.es\/nuestra-historia\/#breadcrumb\"},\"inLanguage\":\"en-US\",\"potentialAction\":[{\"@type\":\"ReadAction\",\"target\":[\"https:\/\/grandbenidorm.es\/nuestra-historia\/\"]}]},{\"@type\":\"ImageObject\",\"inLanguage\":\"en-US\",\"@id\":\"https:\/\/grandbenidorm.es\/nuestra-historia\/#primaryimage\",\"url\":\"https:\/\/grandbenidorm.es\/wp-content\/uploads\/2025\/11\/Grand-Benidorm-Logo-Google-V3-1.png\",\"contentUrl\":\"https:\/\/grandbenidorm.es\/wp-content\/uploads\/2025\/11\/Grand-Benidorm-Logo-Google-V3-1.png\",\"width\":446,\"height\":315,\"caption\":\"Grand Benidorm\"},{\"@type\":\"BreadcrumbList\",\"@id\":\"https:\/\/grandbenidorm.es\/nuestra-historia\/#breadcrumb\",\"itemListElement\":[{\"@type\":\"ListItem\",\"position\":1,\"name\":\"Hem\",\"item\":\"https:\/\/grandbenidorm.es\/\"},{\"@type\":\"ListItem\",\"position\":2,\"name\":\"Nuestra historia\"}]},{\"@type\":\"WebSite\",\"@id\":\"https:\/\/grandbenidorm.es\/#website\",\"url\":\"https:\/\/grandbenidorm.es\/\",\"name\":\"Grand Benidorm\",\"description\":\"Dub\u00e1i en el plato \u2013 Espa\u00f1a en el coraz\u00f3n\",\"publisher\":{\"@id\":\"https:\/\/grandbenidorm.es\/#organization\"},\"alternateName\":\"Grand Benidorm\",\"potentialAction\":[{\"@type\":\"SearchAction\",\"target\":{\"@type\":\"EntryPoint\",\"urlTemplate\":\"https:\/\/grandbenidorm.es\/?s={search_term_string}\"},\"query-input\":{\"@type\":\"PropertyValueSpecification\",\"valueRequired\":true,\"valueName\":\"search_term_string\"}}],\"inLanguage\":\"en-US\"},{\"@type\":\"Organization\",\"@id\":\"https:\/\/grandbenidorm.es\/#organization\",\"name\":\"Grand Benidorm\",\"alternateName\":\"Grand Benidorm\",\"url\":\"https:\/\/grandbenidorm.es\/\",\"logo\":{\"@type\":\"ImageObject\",\"inLanguage\":\"en-US\",\"@id\":\"https:\/\/grandbenidorm.es\/#\/schema\/logo\/image\/\",\"url\":\"https:\/\/grandbenidorm.es\/wp-content\/uploads\/2025\/11\/Grand-Ny-Logo-1.svg\",\"contentUrl\":\"https:\/\/grandbenidorm.es\/wp-content\/uploads\/2025\/11\/Grand-Ny-Logo-1.svg\",\"width\":734,\"height\":425,\"caption\":\"Grand Benidorm\"},\"image\":{\"@id\":\"https:\/\/grandbenidorm.es\/#\/schema\/logo\/image\/\"},\"sameAs\":[\"https:\/\/www.instagram.com\/granddubaispain\/\",\"https:\/\/api.whatsapp.com\/send?phone=46709998893\"]}]}<\/script>\n<!-- \/ Yoast SEO plugin. -->","yoast_head_json":{"title":"Nuestra historia - Grand Benidorm","description":"C\u00f3mo empez\u00f3 nuestro viaje, desde la idea hasta la apertura de nuestro restaurante Grand Dubai en Benidorm","robots":{"index":"index","follow":"follow","max-snippet":"max-snippet:-1","max-image-preview":"max-image-preview:large","max-video-preview":"max-video-preview:-1"},"canonical":"https:\/\/grandbenidorm.es\/en\/nuestra-historia\/","og_locale":"en_US","og_type":"article","og_title":"C\u00f3mo empez\u00f3 nuestro viaje","og_description":"C\u00f3mo empez\u00f3 nuestro viaje, desde la idea hasta la apertura de nuestro restaurante Grand Dubai en Benidorm","og_url":"https:\/\/grandbenidorm.es\/en\/nuestra-historia\/","og_site_name":"Grand Benidorm","article_modified_time":"2025-11-29T20:52:59+00:00","og_image":[{"width":300,"height":200,"url":"https:\/\/grandbenidorm.es\/wp-content\/uploads\/2025\/05\/Grand-Dubai.png","type":"image\/png"}],"twitter_card":"summary_large_image","twitter_title":"C\u00f3mo empez\u00f3 nuestro viaje","twitter_description":"C\u00f3mo empez\u00f3 nuestro viaje, desde la idea hasta la apertura de nuestro restaurante Grand Dubai en Benidorm","twitter_image":"https:\/\/grandbenidorm.es\/wp-content\/uploads\/2025\/05\/Grand-Dubai.png","twitter_misc":{"Est. reading time":"2 minutes"},"schema":{"@context":"https:\/\/schema.org","@graph":[{"@type":"WebPage","@id":"https:\/\/grandbenidorm.es\/nuestra-historia\/","url":"https:\/\/grandbenidorm.es\/nuestra-historia\/","name":"Nuestra historia - Grand Benidorm","isPartOf":{"@id":"https:\/\/grandbenidorm.es\/#website"},"primaryImageOfPage":{"@id":"https:\/\/grandbenidorm.es\/nuestra-historia\/#primaryimage"},"image":{"@id":"https:\/\/grandbenidorm.es\/nuestra-historia\/#primaryimage"},"thumbnailUrl":"https:\/\/grandbenidorm.es\/wp-content\/uploads\/2025\/11\/Grand-Benidorm-Logo-Google-V3-1.png","datePublished":"2025-04-15T15:32:10+00:00","dateModified":"2025-11-29T20:52:59+00:00","description":"C\u00f3mo empez\u00f3 nuestro viaje, desde la idea hasta la apertura de nuestro restaurante Grand Dubai en Benidorm","breadcrumb":{"@id":"https:\/\/grandbenidorm.es\/nuestra-historia\/#breadcrumb"},"inLanguage":"en-US","potentialAction":[{"@type":"ReadAction","target":["https:\/\/grandbenidorm.es\/nuestra-historia\/"]}]},{"@type":"ImageObject","inLanguage":"en-US","@id":"https:\/\/grandbenidorm.es\/nuestra-historia\/#primaryimage","url":"https:\/\/grandbenidorm.es\/wp-content\/uploads\/2025\/11\/Grand-Benidorm-Logo-Google-V3-1.png","contentUrl":"https:\/\/grandbenidorm.es\/wp-content\/uploads\/2025\/11\/Grand-Benidorm-Logo-Google-V3-1.png","width":446,"height":315,"caption":"Grand Benidorm"},{"@type":"BreadcrumbList","@id":"https:\/\/grandbenidorm.es\/nuestra-historia\/#breadcrumb","itemListElement":[{"@type":"ListItem","position":1,"name":"Hem","item":"https:\/\/grandbenidorm.es\/"},{"@type":"ListItem","position":2,"name":"Nuestra historia"}]},{"@type":"WebSite","@id":"https:\/\/grandbenidorm.es\/#website","url":"https:\/\/grandbenidorm.es\/","name":"Grand Benidorm","description":"Dub\u00e1i en el plato \u2013 Espa\u00f1a en el coraz\u00f3n","publisher":{"@id":"https:\/\/grandbenidorm.es\/#organization"},"alternateName":"Grand Benidorm","potentialAction":[{"@type":"SearchAction","target":{"@type":"EntryPoint","urlTemplate":"https:\/\/grandbenidorm.es\/?s={search_term_string}"},"query-input":{"@type":"PropertyValueSpecification","valueRequired":true,"valueName":"search_term_string"}}],"inLanguage":"en-US"},{"@type":"Organization","@id":"https:\/\/grandbenidorm.es\/#organization","name":"Grand Benidorm","alternateName":"Grand Benidorm","url":"https:\/\/grandbenidorm.es\/","logo":{"@type":"ImageObject","inLanguage":"en-US","@id":"https:\/\/grandbenidorm.es\/#\/schema\/logo\/image\/","url":"https:\/\/grandbenidorm.es\/wp-content\/uploads\/2025\/11\/Grand-Ny-Logo-1.svg","contentUrl":"https:\/\/grandbenidorm.es\/wp-content\/uploads\/2025\/11\/Grand-Ny-Logo-1.svg","width":734,"height":425,"caption":"Grand Benidorm"},"image":{"@id":"https:\/\/grandbenidorm.es\/#\/schema\/logo\/image\/"},"sameAs":["https:\/\/www.instagram.com\/granddubaispain\/","https:\/\/api.whatsapp.com\/send?phone=46709998893"]}]}},"_links":{"self":[{"href":"https:\/\/grandbenidorm.es\/en\/wp-json\/wp\/v2\/pages\/45","targetHints":{"allow":["GET"]}}],"collection":[{"href":"https:\/\/grandbenidorm.es\/en\/wp-json\/wp\/v2\/pages"}],"about":[{"href":"https:\/\/grandbenidorm.es\/en\/wp-json\/wp\/v2\/types\/page"}],"author":[{"embeddable":true,"href":"https:\/\/grandbenidorm.es\/en\/wp-json\/wp\/v2\/users\/1"}],"replies":[{"embeddable":true,"href":"https:\/\/grandbenidorm.es\/en\/wp-json\/wp\/v2\/comments?post=45"}],"version-history":[{"count":44,"href":"https:\/\/grandbenidorm.es\/en\/wp-json\/wp\/v2\/pages\/45\/revisions"}],"predecessor-version":[{"id":815,"href":"https:\/\/grandbenidorm.es\/en\/wp-json\/wp\/v2\/pages\/45\/revisions\/815"}],"wp:featuredmedia":[{"embeddable":true,"href":"https:\/\/grandbenidorm.es\/en\/wp-json\/wp\/v2\/media\/808"}],"wp:attachment":[{"href":"https:\/\/grandbenidorm.es\/en\/wp-json\/wp\/v2\/media?parent=45"}],"curies":[{"name":"wp","href":"https:\/\/api.w.org\/{rel}","templated":true}]}}