{"id":421,"date":"2025-04-18T20:54:35","date_gmt":"2025-04-18T18:54:35","guid":{"rendered":"https:\/\/grandbenidorm.es\/?page_id=421"},"modified":"2025-11-29T21:46:13","modified_gmt":"2025-11-29T20:46:13","slug":"cookies","status":"publish","type":"page","link":"https:\/\/grandbenidorm.es\/en\/cookies\/","title":{"rendered":"Cookies"},"content":{"rendered":"<div data-elementor-type=\"wp-page\" data-elementor-id=\"421\" class=\"elementor elementor-421\" data-elementor-post-type=\"page\">\n\t\t\t\t<div class=\"elementor-element elementor-element-ed77764 e-flex e-con-boxed e-con e-parent\" data-id=\"ed77764\" data-element_type=\"container\" data-e-type=\"container\" data-settings=\"{&quot;background_background&quot;:&quot;classic&quot;}\">\n\t\t\t\t\t<div class=\"e-con-inner\">\n\t\t<div class=\"elementor-element elementor-element-a0717dd e-con-full e-flex e-con e-child\" data-id=\"a0717dd\" data-element_type=\"container\" data-e-type=\"container\">\n\t\t<main class=\"elementor-element elementor-element-6449b65 e-con-full e-flex e-con e-child\" data-id=\"6449b65\" data-element_type=\"container\" data-e-type=\"container\">\n\t\t\t\t<div class=\"elementor-element elementor-element-a1595cc elementor-widget elementor-widget-heading\" data-id=\"a1595cc\" data-element_type=\"widget\" data-e-type=\"widget\" data-widget_type=\"heading.default\">\n\t\t\t\t<div class=\"elementor-widget-container\">\n\t\t\t\t\t<h1 class=\"elementor-heading-title elementor-size-default\">Cookies<\/h1>\t\t\t\t<\/div>\n\t\t\t\t<\/div>\n\t\t\t\t<div class=\"elementor-element elementor-element-0ee7839 elementor-widget elementor-widget-text-editor\" data-id=\"0ee7839\" data-element_type=\"widget\" data-e-type=\"widget\" data-widget_type=\"text-editor.default\">\n\t\t\t\t<div class=\"elementor-widget-container\">\n\t\t\t\t\t\t\t\t\t<p>The Grand Dubai website uses cookies and similar technologies (hereinafter \"cookies\"). Cookies may also be placed and used by third parties, such as advertising networks and advertisers. A cookie is a small file that is sent along with pages of this website and stored by your browser on your computer's hard drive.<\/p>\t\t\t\t\t\t\t\t<\/div>\n\t\t\t\t<\/div>\n\t\t\t\t<div class=\"elementor-element elementor-element-9b38266 elementor-widget elementor-widget-text-editor\" data-id=\"9b38266\" data-element_type=\"widget\" data-e-type=\"widget\" data-widget_type=\"text-editor.default\">\n\t\t\t\t<div class=\"elementor-widget-container\">\n\t\t\t\t\t\t\t\t\t<h5>Functional cookies<\/h5><p>Functional cookies help make a website more user-friendly by enabling basic functions like page navigation and access to secure areas of the website. Without these cookies, the website will not function properly. The use of functional cookies does not require visitors' permission.<\/p><h5>Analytical cookies<\/h5><p>Analytical cookies help determine which parts of a website visitors find most interesting. They measure, for example, the number of visitors to the website and which parts of the website they visit most frequently. The information collected is used for statistical purposes and to make the structure, navigation, and content of the website as user-friendly as possible. Statistics and other reports do not refer to individuals. By anonymizing certain analytical cookies, they can be placed without the visitor's consent.<\/p><h5>Tracking cookies<\/h5><p>Tracking cookies are used to determine which pages are visited and to create a profile showing visitors' online behavior. This profile is also based on comparable information from other websites. The profile is not linked to any name (email address) or similar information, but serves only to make ads as relevant as possible to the visitor's profile.<\/p>\t\t\t\t\t\t\t\t<\/div>\n\t\t\t\t<\/div>\n\t\t\t\t<\/main>\n\t\t\t\t<\/div>\n\t\t\t\t\t<\/div>\n\t\t\t\t<\/div>\n\t\t<div class=\"elementor-element elementor-element-e75da43 e-flex e-con-boxed e-con e-parent\" data-id=\"e75da43\" data-element_type=\"container\" data-e-type=\"container\">\n\t\t\t\t\t<div class=\"e-con-inner\">\n\t\t<div class=\"elementor-element elementor-element-e5e0875 e-con-full e-flex e-con e-child\" data-id=\"e5e0875\" data-element_type=\"container\" data-e-type=\"container\">\n\t\t<div class=\"elementor-element elementor-element-446e448 e-con-full e-flex e-con e-child\" data-id=\"446e448\" data-element_type=\"container\" data-e-type=\"container\">\n\t\t\t\t<div class=\"elementor-element elementor-element-d87060f elementor-widget elementor-widget-spacer\" data-id=\"d87060f\" data-element_type=\"widget\" data-e-type=\"widget\" data-widget_type=\"spacer.default\">\n\t\t\t\t<div class=\"elementor-widget-container\">\n\t\t\t\t\t\t\t<div class=\"elementor-spacer\">\n\t\t\t<div class=\"elementor-spacer-inner\"><\/div>\n\t\t<\/div>\n\t\t\t\t\t\t<\/div>\n\t\t\t\t<\/div>\n\t\t\t\t<\/div>\n\t\t\t\t<\/div>\n\t\t\t\t\t<\/div>\n\t\t\t\t<\/div>\n\t\t\t\t<\/div>","protected":false},"excerpt":{"rendered":"<p>Cookies El sitio web de Grand Dubai utiliza cookies y tecnolog\u00edas similares (en adelante, \u201ccookies\u201d). Las cookies tambi\u00e9n pueden ser colocadas y utilizadas por terceros, por ejemplo: redes publicitarias y anunciantes. Una cookie es un peque\u00f1o archivo que se env\u00eda junto con las p\u00e1ginas de este sitio web y que su navegador almacena en el [&hellip;]<\/p>\n","protected":false},"author":1,"featured_media":808,"parent":0,"menu_order":0,"comment_status":"closed","ping_status":"closed","template":"elementor_header_footer","meta":{"footnotes":""},"class_list":["post-421","page","type-page","status-publish","has-post-thumbnail","hentry"],"yoast_head":"<!-- This site is optimized with the Yoast SEO plugin v27.1.1 - https:\/\/yoast.com\/product\/yoast-seo-wordpress\/ -->\n<title>Cookies - Grand Benidorm<\/title>\n<meta name=\"description\" content=\"El sitio web de Grand Dubai utiliza cookies y tecnolog\u00edas similares (en adelante, \u201ccookies\u201d).\" \/>\n<meta name=\"robots\" content=\"index, follow, max-snippet:-1, max-image-preview:large, max-video-preview:-1\" \/>\n<link rel=\"canonical\" href=\"https:\/\/grandbenidorm.es\/en\/cookies\/\" \/>\n<meta property=\"og:locale\" content=\"en_US\" \/>\n<meta property=\"og:type\" content=\"article\" \/>\n<meta property=\"og:title\" content=\"Cookies\" \/>\n<meta property=\"og:description\" content=\"El sitio web de Grand Dubai utiliza cookies y tecnolog\u00edas similares (en adelante, \u201ccookies\u201d).\" \/>\n<meta property=\"og:url\" content=\"https:\/\/grandbenidorm.es\/en\/cookies\/\" \/>\n<meta property=\"og:site_name\" content=\"Grand Benidorm\" \/>\n<meta property=\"article:modified_time\" content=\"2025-11-29T20:46:13+00:00\" \/>\n<meta property=\"og:image\" content=\"https:\/\/grandbenidorm.es\/wp-content\/uploads\/2025\/05\/Grand-Dubai.png\" \/>\n\t<meta property=\"og:image:width\" content=\"300\" \/>\n\t<meta property=\"og:image:height\" content=\"200\" \/>\n\t<meta property=\"og:image:type\" content=\"image\/png\" \/>\n<meta name=\"twitter:card\" content=\"summary_large_image\" \/>\n<meta name=\"twitter:title\" content=\"Cookies\" \/>\n<meta name=\"twitter:description\" content=\"El sitio web de Grand Dubai utiliza cookies y tecnolog\u00edas similares (en adelante, \u201ccookies\u201d).\" \/>\n<meta name=\"twitter:image\" content=\"https:\/\/grandbenidorm.es\/wp-content\/uploads\/2025\/05\/Grand-Dubai.png\" \/>\n<meta name=\"twitter:label1\" content=\"Est. reading time\" \/>\n\t<meta name=\"twitter:data1\" content=\"2 minutes\" \/>\n<script type=\"application\/ld+json\" class=\"yoast-schema-graph\">{\"@context\":\"https:\/\/schema.org\",\"@graph\":[{\"@type\":\"WebPage\",\"@id\":\"https:\/\/grandbenidorm.es\/cookies\/\",\"url\":\"https:\/\/grandbenidorm.es\/cookies\/\",\"name\":\"Cookies - Grand Benidorm\",\"isPartOf\":{\"@id\":\"https:\/\/grandbenidorm.es\/#website\"},\"primaryImageOfPage\":{\"@id\":\"https:\/\/grandbenidorm.es\/cookies\/#primaryimage\"},\"image\":{\"@id\":\"https:\/\/grandbenidorm.es\/cookies\/#primaryimage\"},\"thumbnailUrl\":\"https:\/\/grandbenidorm.es\/wp-content\/uploads\/2025\/11\/Grand-Benidorm-Logo-Google-V3-1.png\",\"datePublished\":\"2025-04-18T18:54:35+00:00\",\"dateModified\":\"2025-11-29T20:46:13+00:00\",\"description\":\"El sitio web de Grand Dubai utiliza cookies y tecnolog\u00edas similares (en adelante, \u201ccookies\u201d).\",\"breadcrumb\":{\"@id\":\"https:\/\/grandbenidorm.es\/cookies\/#breadcrumb\"},\"inLanguage\":\"en-US\",\"potentialAction\":[{\"@type\":\"ReadAction\",\"target\":[\"https:\/\/grandbenidorm.es\/cookies\/\"]}]},{\"@type\":\"ImageObject\",\"inLanguage\":\"en-US\",\"@id\":\"https:\/\/grandbenidorm.es\/cookies\/#primaryimage\",\"url\":\"https:\/\/grandbenidorm.es\/wp-content\/uploads\/2025\/11\/Grand-Benidorm-Logo-Google-V3-1.png\",\"contentUrl\":\"https:\/\/grandbenidorm.es\/wp-content\/uploads\/2025\/11\/Grand-Benidorm-Logo-Google-V3-1.png\",\"width\":446,\"height\":315,\"caption\":\"Grand Benidorm\"},{\"@type\":\"BreadcrumbList\",\"@id\":\"https:\/\/grandbenidorm.es\/cookies\/#breadcrumb\",\"itemListElement\":[{\"@type\":\"ListItem\",\"position\":1,\"name\":\"Hem\",\"item\":\"https:\/\/grandbenidorm.es\/\"},{\"@type\":\"ListItem\",\"position\":2,\"name\":\"Cookies\"}]},{\"@type\":\"WebSite\",\"@id\":\"https:\/\/grandbenidorm.es\/#website\",\"url\":\"https:\/\/grandbenidorm.es\/\",\"name\":\"Grand Benidorm\",\"description\":\"Dub\u00e1i en el plato \u2013 Espa\u00f1a en el coraz\u00f3n\",\"publisher\":{\"@id\":\"https:\/\/grandbenidorm.es\/#organization\"},\"alternateName\":\"Grand Benidorm\",\"potentialAction\":[{\"@type\":\"SearchAction\",\"target\":{\"@type\":\"EntryPoint\",\"urlTemplate\":\"https:\/\/grandbenidorm.es\/?s={search_term_string}\"},\"query-input\":{\"@type\":\"PropertyValueSpecification\",\"valueRequired\":true,\"valueName\":\"search_term_string\"}}],\"inLanguage\":\"en-US\"},{\"@type\":\"Organization\",\"@id\":\"https:\/\/grandbenidorm.es\/#organization\",\"name\":\"Grand Benidorm\",\"alternateName\":\"Grand Benidorm\",\"url\":\"https:\/\/grandbenidorm.es\/\",\"logo\":{\"@type\":\"ImageObject\",\"inLanguage\":\"en-US\",\"@id\":\"https:\/\/grandbenidorm.es\/#\/schema\/logo\/image\/\",\"url\":\"https:\/\/grandbenidorm.es\/wp-content\/uploads\/2025\/11\/Grand-Ny-Logo-1.svg\",\"contentUrl\":\"https:\/\/grandbenidorm.es\/wp-content\/uploads\/2025\/11\/Grand-Ny-Logo-1.svg\",\"width\":734,\"height\":425,\"caption\":\"Grand Benidorm\"},\"image\":{\"@id\":\"https:\/\/grandbenidorm.es\/#\/schema\/logo\/image\/\"},\"sameAs\":[\"https:\/\/www.instagram.com\/granddubaispain\/\",\"https:\/\/api.whatsapp.com\/send?phone=46709998893\"]}]}<\/script>\n<!-- \/ Yoast SEO plugin. -->","yoast_head_json":{"title":"Cookies - Grand Benidorm","description":"El sitio web de Grand Dubai utiliza cookies y tecnolog\u00edas similares (en adelante, \u201ccookies\u201d).","robots":{"index":"index","follow":"follow","max-snippet":"max-snippet:-1","max-image-preview":"max-image-preview:large","max-video-preview":"max-video-preview:-1"},"canonical":"https:\/\/grandbenidorm.es\/en\/cookies\/","og_locale":"en_US","og_type":"article","og_title":"Cookies","og_description":"El sitio web de Grand Dubai utiliza cookies y tecnolog\u00edas similares (en adelante, \u201ccookies\u201d).","og_url":"https:\/\/grandbenidorm.es\/en\/cookies\/","og_site_name":"Grand Benidorm","article_modified_time":"2025-11-29T20:46:13+00:00","og_image":[{"width":300,"height":200,"url":"https:\/\/grandbenidorm.es\/wp-content\/uploads\/2025\/05\/Grand-Dubai.png","type":"image\/png"}],"twitter_card":"summary_large_image","twitter_title":"Cookies","twitter_description":"El sitio web de Grand Dubai utiliza cookies y tecnolog\u00edas similares (en adelante, \u201ccookies\u201d).","twitter_image":"https:\/\/grandbenidorm.es\/wp-content\/uploads\/2025\/05\/Grand-Dubai.png","twitter_misc":{"Est. reading time":"2 minutes"},"schema":{"@context":"https:\/\/schema.org","@graph":[{"@type":"WebPage","@id":"https:\/\/grandbenidorm.es\/cookies\/","url":"https:\/\/grandbenidorm.es\/cookies\/","name":"Cookies - Grand Benidorm","isPartOf":{"@id":"https:\/\/grandbenidorm.es\/#website"},"primaryImageOfPage":{"@id":"https:\/\/grandbenidorm.es\/cookies\/#primaryimage"},"image":{"@id":"https:\/\/grandbenidorm.es\/cookies\/#primaryimage"},"thumbnailUrl":"https:\/\/grandbenidorm.es\/wp-content\/uploads\/2025\/11\/Grand-Benidorm-Logo-Google-V3-1.png","datePublished":"2025-04-18T18:54:35+00:00","dateModified":"2025-11-29T20:46:13+00:00","description":"El sitio web de Grand Dubai utiliza cookies y tecnolog\u00edas similares (en adelante, \u201ccookies\u201d).","breadcrumb":{"@id":"https:\/\/grandbenidorm.es\/cookies\/#breadcrumb"},"inLanguage":"en-US","potentialAction":[{"@type":"ReadAction","target":["https:\/\/grandbenidorm.es\/cookies\/"]}]},{"@type":"ImageObject","inLanguage":"en-US","@id":"https:\/\/grandbenidorm.es\/cookies\/#primaryimage","url":"https:\/\/grandbenidorm.es\/wp-content\/uploads\/2025\/11\/Grand-Benidorm-Logo-Google-V3-1.png","contentUrl":"https:\/\/grandbenidorm.es\/wp-content\/uploads\/2025\/11\/Grand-Benidorm-Logo-Google-V3-1.png","width":446,"height":315,"caption":"Grand Benidorm"},{"@type":"BreadcrumbList","@id":"https:\/\/grandbenidorm.es\/cookies\/#breadcrumb","itemListElement":[{"@type":"ListItem","position":1,"name":"Hem","item":"https:\/\/grandbenidorm.es\/"},{"@type":"ListItem","position":2,"name":"Cookies"}]},{"@type":"WebSite","@id":"https:\/\/grandbenidorm.es\/#website","url":"https:\/\/grandbenidorm.es\/","name":"Grand Benidorm","description":"Dub\u00e1i en el plato \u2013 Espa\u00f1a en el coraz\u00f3n","publisher":{"@id":"https:\/\/grandbenidorm.es\/#organization"},"alternateName":"Grand Benidorm","potentialAction":[{"@type":"SearchAction","target":{"@type":"EntryPoint","urlTemplate":"https:\/\/grandbenidorm.es\/?s={search_term_string}"},"query-input":{"@type":"PropertyValueSpecification","valueRequired":true,"valueName":"search_term_string"}}],"inLanguage":"en-US"},{"@type":"Organization","@id":"https:\/\/grandbenidorm.es\/#organization","name":"Grand Benidorm","alternateName":"Grand Benidorm","url":"https:\/\/grandbenidorm.es\/","logo":{"@type":"ImageObject","inLanguage":"en-US","@id":"https:\/\/grandbenidorm.es\/#\/schema\/logo\/image\/","url":"https:\/\/grandbenidorm.es\/wp-content\/uploads\/2025\/11\/Grand-Ny-Logo-1.svg","contentUrl":"https:\/\/grandbenidorm.es\/wp-content\/uploads\/2025\/11\/Grand-Ny-Logo-1.svg","width":734,"height":425,"caption":"Grand Benidorm"},"image":{"@id":"https:\/\/grandbenidorm.es\/#\/schema\/logo\/image\/"},"sameAs":["https:\/\/www.instagram.com\/granddubaispain\/","https:\/\/api.whatsapp.com\/send?phone=46709998893"]}]}},"_links":{"self":[{"href":"https:\/\/grandbenidorm.es\/en\/wp-json\/wp\/v2\/pages\/421","targetHints":{"allow":["GET"]}}],"collection":[{"href":"https:\/\/grandbenidorm.es\/en\/wp-json\/wp\/v2\/pages"}],"about":[{"href":"https:\/\/grandbenidorm.es\/en\/wp-json\/wp\/v2\/types\/page"}],"author":[{"embeddable":true,"href":"https:\/\/grandbenidorm.es\/en\/wp-json\/wp\/v2\/users\/1"}],"replies":[{"embeddable":true,"href":"https:\/\/grandbenidorm.es\/en\/wp-json\/wp\/v2\/comments?post=421"}],"version-history":[{"count":13,"href":"https:\/\/grandbenidorm.es\/en\/wp-json\/wp\/v2\/pages\/421\/revisions"}],"predecessor-version":[{"id":615,"href":"https:\/\/grandbenidorm.es\/en\/wp-json\/wp\/v2\/pages\/421\/revisions\/615"}],"wp:featuredmedia":[{"embeddable":true,"href":"https:\/\/grandbenidorm.es\/en\/wp-json\/wp\/v2\/media\/808"}],"wp:attachment":[{"href":"https:\/\/grandbenidorm.es\/en\/wp-json\/wp\/v2\/media?parent=421"}],"curies":[{"name":"wp","href":"https:\/\/api.w.org\/{rel}","templated":true}]}}