{"id":38,"date":"2025-04-15T17:31:07","date_gmt":"2025-04-15T15:31:07","guid":{"rendered":"https:\/\/grandbenidorm.es\/?page_id=38"},"modified":"2025-11-29T21:51:37","modified_gmt":"2025-11-29T20:51:37","slug":"contacto","status":"publish","type":"page","link":"https:\/\/grandbenidorm.es\/en\/contacto\/","title":{"rendered":"Contact"},"content":{"rendered":"\t\t<div data-elementor-type=\"wp-page\" data-elementor-id=\"38\" class=\"elementor elementor-38\" data-elementor-post-type=\"page\">\n\t\t\t\t<div class=\"elementor-element elementor-element-d0459c0 e-flex e-con-boxed e-con e-parent\" data-id=\"d0459c0\" data-element_type=\"container\" data-e-type=\"container\">\n\t\t\t\t\t<div class=\"e-con-inner\">\n\t\t<div class=\"elementor-element elementor-element-a4ff480 e-con-full e-flex e-con e-child\" data-id=\"a4ff480\" data-element_type=\"container\" data-e-type=\"container\">\n\t\t<main class=\"elementor-element elementor-element-6ece423 e-con-full e-flex e-con e-child\" data-id=\"6ece423\" data-element_type=\"container\" data-e-type=\"container\">\n\t\t\t\t<div class=\"elementor-element elementor-element-9fe6e0a elementor-widget elementor-widget-heading\" data-id=\"9fe6e0a\" data-element_type=\"widget\" data-e-type=\"widget\" data-widget_type=\"heading.default\">\n\t\t\t\t<div class=\"elementor-widget-container\">\n\t\t\t\t\t<h1 class=\"elementor-heading-title elementor-size-default\">Cont\u00e1ctanos<\/h1>\t\t\t\t<\/div>\n\t\t\t\t<\/div>\n\t\t\t\t<div class=\"elementor-element elementor-element-a79b9f9 elementor-widget elementor-widget-text-editor\" data-id=\"a79b9f9\" data-element_type=\"widget\" data-e-type=\"widget\" data-widget_type=\"text-editor.default\">\n\t\t\t\t<div class=\"elementor-widget-container\">\n\t\t\t\t\t\t\t\t\t<p>\u00bfTienes dudas, quieres reservar una mesa o colaborar con nosotros? No dudes en contactarnos. \u00a1Esperamos poder ayudarte!<\/p>\t\t\t\t\t\t\t\t<\/div>\n\t\t\t\t<\/div>\n\t\t\t\t<div class=\"elementor-element elementor-element-1ef03a6 elementor-widget elementor-widget-google_maps\" data-id=\"1ef03a6\" data-element_type=\"widget\" data-e-type=\"widget\" data-widget_type=\"google_maps.default\">\n\t\t\t\t<div class=\"elementor-widget-container\">\n\t\t\t\t\t\t\t<div class=\"elementor-custom-embed\">\n\t\t\t<iframe loading=\"lazy\"\n\t\t\t\t\tsrc=\"https:\/\/maps.google.com\/maps?q=Grand%20Dubai%20Av%20de%20la%20Armada%20Espa%C3%B1ola%2025%2003502%20Benidorm&#038;t=m&#038;z=13&#038;output=embed&#038;iwloc=near\"\n\t\t\t\t\ttitle=\"Grand Dubai Av de la Armada Espa\u00f1ola 25 03502 Benidorm\"\n\t\t\t\t\taria-label=\"Grand Dubai Av de la Armada Espa\u00f1ola 25 03502 Benidorm\"\n\t\t\t><\/iframe>\n\t\t<\/div>\n\t\t\t\t\t\t<\/div>\n\t\t\t\t<\/div>\n\t\t\t\t<\/main>\n\t\t<div class=\"elementor-element elementor-element-136dc9f e-con-full e-flex e-con e-child\" data-id=\"136dc9f\" data-element_type=\"container\" data-e-type=\"container\">\n\t\t<div class=\"elementor-element elementor-element-e59528b e-con-full e-flex e-con e-child\" data-id=\"e59528b\" data-element_type=\"container\" data-e-type=\"container\">\n\t\t\t\t<div class=\"elementor-element elementor-element-9ec70a6 elementor-widget elementor-widget-text-editor\" data-id=\"9ec70a6\" data-element_type=\"widget\" data-e-type=\"widget\" data-widget_type=\"text-editor.default\">\n\t\t\t\t<div class=\"elementor-widget-container\">\n\t\t\t\t\t\t\t\t\t<p>\u00a1Cont\u00e1ctanos y te ayudaremos!<\/p>\t\t\t\t\t\t\t\t<\/div>\n\t\t\t\t<\/div>\n\t\t\t\t<div class=\"elementor-element elementor-element-a287abb elementor-widget elementor-widget-text-editor\" data-id=\"a287abb\" data-element_type=\"widget\" data-e-type=\"widget\" data-widget_type=\"text-editor.default\">\n\t\t\t\t<div class=\"elementor-widget-container\">\n\t\t\t\t\t\t\t\t\t<p>Estamos aqu\u00ed para ti, escr\u00edbenos y te ayudaremos con todas tus dudas. Prometemos responder lo antes posible.<\/p>\t\t\t\t\t\t\t\t<\/div>\n\t\t\t\t<\/div>\n\t\t\t\t<div class=\"elementor-element elementor-element-0f37d76 elementor-widget elementor-widget-text-editor\" data-id=\"0f37d76\" data-element_type=\"widget\" data-e-type=\"widget\" data-widget_type=\"text-editor.default\">\n\t\t\t\t<div class=\"elementor-widget-container\">\n\t\t\t\t\t\t\t\t\t<p><strong><b>Nuestro horario de apertura es:<\/b><br \/><\/strong><br \/><b>Lun &#8211; Dom:<br \/><\/b>13:00 &#8211; 16:00<\/p><p><strong><b>Horario de almuerzo<\/b>:<\/strong><br \/>13:00 &#8211; 16:00<\/p>\t\t\t\t\t\t\t\t<\/div>\n\t\t\t\t<\/div>\n\t\t\t\t<div class=\"elementor-element elementor-element-9a1f28a elementor-list-item-link-inline elementor-align-start elementor-icon-list--layout-traditional elementor-widget elementor-widget-icon-list\" data-id=\"9a1f28a\" data-element_type=\"widget\" data-e-type=\"widget\" data-widget_type=\"icon-list.default\">\n\t\t\t\t<div class=\"elementor-widget-container\">\n\t\t\t\t\t\t\t<ul class=\"elementor-icon-list-items\">\n\t\t\t\t\t\t\t<li class=\"elementor-icon-list-item\">\n\t\t\t\t\t\t\t\t\t\t\t<a href=\"tel:+34%20651%2085%2084%2049\">\n\n\t\t\t\t\t\t\t\t\t\t\t\t<span class=\"elementor-icon-list-icon\">\n\t\t\t\t\t\t\t<svg aria-hidden=\"true\" class=\"e-font-icon-svg e-fas-phone-alt\" viewBox=\"0 0 512 512\" xmlns=\"http:\/\/www.w3.org\/2000\/svg\"><path d=\"M497.39 361.8l-112-48a24 24 0 0 0-28 6.9l-49.6 60.6A370.66 370.66 0 0 1 130.6 204.11l60.6-49.6a23.94 23.94 0 0 0 6.9-28l-48-112A24.16 24.16 0 0 0 122.6.61l-104 24A24 24 0 0 0 0 48c0 256.5 207.9 464 464 464a24 24 0 0 0 23.4-18.6l24-104a24.29 24.29 0 0 0-14.01-27.6z\"><\/path><\/svg>\t\t\t\t\t\t<\/span>\n\t\t\t\t\t\t\t\t\t\t<span class=\"elementor-icon-list-text\">+34 651 85 84 49<\/span>\n\t\t\t\t\t\t\t\t\t\t\t<\/a>\n\t\t\t\t\t\t\t\t\t<\/li>\n\t\t\t\t\t\t\t\t<li class=\"elementor-icon-list-item\">\n\t\t\t\t\t\t\t\t\t\t\t<a href=\"https:\/\/api.whatsapp.com\/send?phone=34651858449\" target=\"_blank\">\n\n\t\t\t\t\t\t\t\t\t\t\t\t<span class=\"elementor-icon-list-icon\">\n\t\t\t\t\t\t\t<svg aria-hidden=\"true\" class=\"e-font-icon-svg e-fab-whatsapp\" viewBox=\"0 0 448 512\" xmlns=\"http:\/\/www.w3.org\/2000\/svg\"><path d=\"M380.9 97.1C339 55.1 283.2 32 223.9 32c-122.4 0-222 99.6-222 222 0 39.1 10.2 77.3 29.6 111L0 480l117.7-30.9c32.4 17.7 68.9 27 106.1 27h.1c122.3 0 224.1-99.6 224.1-222 0-59.3-25.2-115-67.1-157zm-157 341.6c-33.2 0-65.7-8.9-94-25.7l-6.7-4-69.8 18.3L72 359.2l-4.4-7c-18.5-29.4-28.2-63.3-28.2-98.2 0-101.7 82.8-184.5 184.6-184.5 49.3 0 95.6 19.2 130.4 54.1 34.8 34.9 56.2 81.2 56.1 130.5 0 101.8-84.9 184.6-186.6 184.6zm101.2-138.2c-5.5-2.8-32.8-16.2-37.9-18-5.1-1.9-8.8-2.8-12.5 2.8-3.7 5.6-14.3 18-17.6 21.8-3.2 3.7-6.5 4.2-12 1.4-32.6-16.3-54-29.1-75.5-66-5.7-9.8 5.7-9.1 16.3-30.3 1.8-3.7.9-6.9-.5-9.7-1.4-2.8-12.5-30.1-17.1-41.2-4.5-10.8-9.1-9.3-12.5-9.5-3.2-.2-6.9-.2-10.6-.2-3.7 0-9.7 1.4-14.8 6.9-5.1 5.6-19.4 19-19.4 46.3 0 27.3 19.9 53.7 22.6 57.4 2.8 3.7 39.1 59.7 94.8 83.8 35.2 15.2 49 16.5 66.6 13.9 10.7-1.6 32.8-13.4 37.4-26.4 4.6-13 4.6-24.1 3.2-26.4-1.3-2.5-5-3.9-10.5-6.6z\"><\/path><\/svg>\t\t\t\t\t\t<\/span>\n\t\t\t\t\t\t\t\t\t\t<span class=\"elementor-icon-list-text\">WhatsApp<\/span>\n\t\t\t\t\t\t\t\t\t\t\t<\/a>\n\t\t\t\t\t\t\t\t\t<\/li>\n\t\t\t\t\t\t\t\t<li class=\"elementor-icon-list-item\">\n\t\t\t\t\t\t\t\t\t\t\t<a href=\"mailto:info@grandbenidorm.es?subject=L\u00ednea%20de%20asunto&#038;body=Escribe%20toda%20la%20informaci\u00f3n%20aqu\u00ed\">\n\n\t\t\t\t\t\t\t\t\t\t\t\t<span class=\"elementor-icon-list-icon\">\n\t\t\t\t\t\t\t<svg aria-hidden=\"true\" class=\"e-font-icon-svg e-far-envelope\" viewBox=\"0 0 512 512\" xmlns=\"http:\/\/www.w3.org\/2000\/svg\"><path d=\"M464 64H48C21.49 64 0 85.49 0 112v288c0 26.51 21.49 48 48 48h416c26.51 0 48-21.49 48-48V112c0-26.51-21.49-48-48-48zm0 48v40.805c-22.422 18.259-58.168 46.651-134.587 106.49-16.841 13.247-50.201 45.072-73.413 44.701-23.208.375-56.579-31.459-73.413-44.701C106.18 199.465 70.425 171.067 48 152.805V112h416zM48 400V214.398c22.914 18.251 55.409 43.862 104.938 82.646 21.857 17.205 60.134 55.186 103.062 54.955 42.717.231 80.509-37.199 103.053-54.947 49.528-38.783 82.032-64.401 104.947-82.653V400H48z\"><\/path><\/svg>\t\t\t\t\t\t<\/span>\n\t\t\t\t\t\t\t\t\t\t<span class=\"elementor-icon-list-text\">info@grandbenidorm.es<\/span>\n\t\t\t\t\t\t\t\t\t\t\t<\/a>\n\t\t\t\t\t\t\t\t\t<\/li>\n\t\t\t\t\t\t\t\t<li class=\"elementor-icon-list-item\">\n\t\t\t\t\t\t\t\t\t\t\t<a href=\"http:\/\/Av%20de%20la%20Armada%20Espa\u00f1ola%2025%2003502%20Benidorm\" target=\"_blank\">\n\n\t\t\t\t\t\t\t\t\t\t\t\t<span class=\"elementor-icon-list-icon\">\n\t\t\t\t\t\t\t<svg aria-hidden=\"true\" class=\"e-font-icon-svg e-fas-map-pin\" viewBox=\"0 0 288 512\" xmlns=\"http:\/\/www.w3.org\/2000\/svg\"><path d=\"M112 316.94v156.69l22.02 33.02c4.75 7.12 15.22 7.12 19.97 0L176 473.63V316.94c-10.39 1.92-21.06 3.06-32 3.06s-21.61-1.14-32-3.06zM144 0C64.47 0 0 64.47 0 144s64.47 144 144 144 144-64.47 144-144S223.53 0 144 0zm0 76c-37.5 0-68 30.5-68 68 0 6.62-5.38 12-12 12s-12-5.38-12-12c0-50.73 41.28-92 92-92 6.62 0 12 5.38 12 12s-5.38 12-12 12z\"><\/path><\/svg>\t\t\t\t\t\t<\/span>\n\t\t\t\t\t\t\t\t\t\t<span class=\"elementor-icon-list-text\">Av de la Armada Espa\u00f1ola 25 03502 Benidorm<\/span>\n\t\t\t\t\t\t\t\t\t\t\t<\/a>\n\t\t\t\t\t\t\t\t\t<\/li>\n\t\t\t\t\t\t<\/ul>\n\t\t\t\t\t\t<\/div>\n\t\t\t\t<\/div>\n\t\t\t\t<\/div>\n\t\t<div class=\"elementor-element elementor-element-80c3827 e-con-full e-flex e-con e-child\" data-id=\"80c3827\" data-element_type=\"container\" data-e-type=\"container\">\n\t\t\t\t<div class=\"elementor-element elementor-element-a953b40 elementor-button-align-stretch elementor-widget elementor-widget-form\" data-id=\"a953b40\" data-element_type=\"widget\" data-e-type=\"widget\" data-settings=\"{&quot;step_next_label&quot;:&quot;N\\u00e4sta&quot;,&quot;step_previous_label&quot;:&quot;F\\u00f6reg\\u00e5ende&quot;,&quot;button_width&quot;:&quot;100&quot;,&quot;step_type&quot;:&quot;number_text&quot;,&quot;step_icon_shape&quot;:&quot;circle&quot;}\" data-widget_type=\"form.default\">\n\t\t\t\t<div class=\"elementor-widget-container\">\n\t\t\t\t\t\t\t<form class=\"elementor-form\" method=\"post\" name=\"Kontakta oss\" aria-label=\"Kontakta oss\">\n\t\t\t<input type=\"hidden\" name=\"post_id\" value=\"38\"\/>\n\t\t\t<input type=\"hidden\" name=\"form_id\" value=\"a953b40\"\/>\n\t\t\t<input type=\"hidden\" name=\"referer_title\" value=\"Grand Benidorm\" \/>\n\n\t\t\t\n\t\t\t<div class=\"elementor-form-fields-wrapper elementor-labels-\">\n\t\t\t\t\t\t\t\t<div class=\"elementor-field-type-text elementor-field-group elementor-column elementor-field-group-name elementor-col-50 elementor-sm-50 elementor-field-required\">\n\t\t\t\t\t\t\t\t\t\t\t\t<label for=\"form-field-name\" class=\"elementor-field-label elementor-screen-only\">\n\t\t\t\t\t\t\t\tNombre\t\t\t\t\t\t\t<\/label>\n\t\t\t\t\t\t\t\t\t\t\t\t\t\t<input size=\"1\" type=\"text\" name=\"form_fields[name]\" id=\"form-field-name\" class=\"elementor-field elementor-size-sm  elementor-field-textual\" placeholder=\"Nombre *\" required=\"required\">\n\t\t\t\t\t\t\t\t\t\t\t<\/div>\n\t\t\t\t\t\t\t\t<div class=\"elementor-field-type-tel elementor-field-group elementor-column elementor-field-group-field_0fa8d2e elementor-col-50 elementor-sm-50 elementor-field-required\">\n\t\t\t\t\t\t\t\t\t\t\t\t<label for=\"form-field-field_0fa8d2e\" class=\"elementor-field-label elementor-screen-only\">\n\t\t\t\t\t\t\t\tTel\u00e9fono\t\t\t\t\t\t\t<\/label>\n\t\t\t\t\t\t\t\t<input size=\"1\" type=\"tel\" name=\"form_fields[field_0fa8d2e]\" id=\"form-field-field_0fa8d2e\" class=\"elementor-field elementor-size-sm  elementor-field-textual\" placeholder=\"Tel\u00e9fono *\" required=\"required\" pattern=\"[0-9()#&amp;+*-=.]+\" title=\"Only numbers and phone characters (#, -, *, etc) are accepted.\">\n\n\t\t\t\t\t\t<\/div>\n\t\t\t\t\t\t\t\t<div class=\"elementor-field-type-email elementor-field-group elementor-column elementor-field-group-email elementor-col-50 elementor-sm-50 elementor-field-required\">\n\t\t\t\t\t\t\t\t\t\t\t\t<label for=\"form-field-email\" class=\"elementor-field-label elementor-screen-only\">\n\t\t\t\t\t\t\t\tTu correo\t\t\t\t\t\t\t<\/label>\n\t\t\t\t\t\t\t\t\t\t\t\t\t\t<input size=\"1\" type=\"email\" name=\"form_fields[email]\" id=\"form-field-email\" class=\"elementor-field elementor-size-sm  elementor-field-textual\" placeholder=\"Tu correo *\" required=\"required\">\n\t\t\t\t\t\t\t\t\t\t\t<\/div>\n\t\t\t\t\t\t\t\t<div class=\"elementor-field-type-select elementor-field-group elementor-column elementor-field-group-field_31ac0a2 elementor-col-50 elementor-sm-50 elementor-field-required\">\n\t\t\t\t\t\t\t\t\t\t\t\t<label for=\"form-field-field_31ac0a2\" class=\"elementor-field-label elementor-screen-only\">\n\t\t\t\t\t\t\t\t-- Sujeto --\t\t\t\t\t\t\t<\/label>\n\t\t\t\t\t\t\t\t<div class=\"elementor-field elementor-select-wrapper remove-before \">\n\t\t\t<div class=\"select-caret-down-wrapper\">\n\t\t\t\t<svg aria-hidden=\"true\" class=\"e-font-icon-svg e-eicon-caret-down\" viewBox=\"0 0 571.4 571.4\" xmlns=\"http:\/\/www.w3.org\/2000\/svg\"><path d=\"M571 393Q571 407 561 418L311 668Q300 679 286 679T261 668L11 418Q0 407 0 393T11 368 36 357H536Q550 357 561 368T571 393Z\"><\/path><\/svg>\t\t\t<\/div>\n\t\t\t<select name=\"form_fields[field_31ac0a2]\" id=\"form-field-field_31ac0a2\" class=\"elementor-field-textual elementor-size-sm\" required=\"required\">\n\t\t\t\t\t\t\t\t\t<option value=\"Reservar una mesa\">Reservar una mesa<\/option>\n\t\t\t\t\t\t\t\t\t<option value=\"Abastecimiento\">Abastecimiento<\/option>\n\t\t\t\t\t\t\t\t\t<option value=\"Evento\">Evento<\/option>\n\t\t\t\t\t\t\t\t\t<option value=\"Otra pregunta\">Otra pregunta<\/option>\n\t\t\t\t\t\t\t<\/select>\n\t\t<\/div>\n\t\t\t\t\t\t<\/div>\n\t\t\t\t\t\t\t\t<div class=\"elementor-field-type-textarea elementor-field-group elementor-column elementor-field-group-message elementor-col-100\">\n\t\t\t\t\t\t\t\t\t\t\t\t<label for=\"form-field-message\" class=\"elementor-field-label elementor-screen-only\">\n\t\t\t\t\t\t\t\tMeddelande\t\t\t\t\t\t\t<\/label>\n\t\t\t\t\t\t<textarea class=\"elementor-field-textual elementor-field  elementor-size-sm\" name=\"form_fields[message]\" id=\"form-field-message\" rows=\"4\" placeholder=\"Escribe tu mensaje aqu\u00ed\"><\/textarea>\t\t\t\t<\/div>\n\t\t\t\t\t\t\t\t<div class=\"elementor-field-type-recaptcha_v3 elementor-field-group elementor-column elementor-field-group-field_4584f90 elementor-col-100 elementor-sm-50 recaptcha_v3-bottomright\">\n\t\t\t\t\t<div class=\"elementor-field\" id=\"form-field-field_4584f90\"><div class=\"elementor-g-recaptcha\" data-sitekey=\"6LdzGR8sAAAAAKQz0WRbo5T9cVmXDl56jgULL4a2\" data-type=\"v3\" data-action=\"Form\" data-badge=\"bottomright\" data-size=\"invisible\"><\/div><\/div>\t\t\t\t<\/div>\n\t\t\t\t\t\t\t\t<div class=\"elementor-field-group elementor-column elementor-field-type-submit elementor-col-100 e-form__buttons\">\n\t\t\t\t\t<button class=\"elementor-button elementor-size-sm\" type=\"submit\">\n\t\t\t\t\t\t<span class=\"elementor-button-content-wrapper\">\n\t\t\t\t\t\t\t\t\t\t\t\t\t\t\t\t\t\t\t\t\t\t<span class=\"elementor-button-text\">ENVIAR MENSAJE<\/span>\n\t\t\t\t\t\t\t\t\t\t\t\t\t<\/span>\n\t\t\t\t\t<\/button>\n\t\t\t\t<\/div>\n\t\t\t<\/div>\n\t\t<\/form>\n\t\t\t\t\t\t<\/div>\n\t\t\t\t<\/div>\n\t\t\t\t<\/div>\n\t\t\t\t<\/div>\n\t\t\t\t<\/div>\n\t\t\t\t\t<\/div>\n\t\t\t\t<\/div>\n\t\t<div class=\"elementor-element elementor-element-1937ed9 e-flex e-con-boxed e-con e-parent\" data-id=\"1937ed9\" data-element_type=\"container\" data-e-type=\"container\">\n\t\t\t\t\t<div class=\"e-con-inner\">\n\t\t<div class=\"elementor-element elementor-element-df60b2d e-con-full e-flex e-con e-child\" data-id=\"df60b2d\" data-element_type=\"container\" data-e-type=\"container\">\n\t\t<div class=\"elementor-element elementor-element-3e436bf e-con-full e-flex e-con e-child\" data-id=\"3e436bf\" data-element_type=\"container\" data-e-type=\"container\">\n\t\t\t\t<div class=\"elementor-element elementor-element-f3068c2 elementor-widget elementor-widget-spacer\" data-id=\"f3068c2\" data-element_type=\"widget\" data-e-type=\"widget\" data-widget_type=\"spacer.default\">\n\t\t\t\t<div class=\"elementor-widget-container\">\n\t\t\t\t\t\t\t<div class=\"elementor-spacer\">\n\t\t\t<div class=\"elementor-spacer-inner\"><\/div>\n\t\t<\/div>\n\t\t\t\t\t\t<\/div>\n\t\t\t\t<\/div>\n\t\t\t\t<\/div>\n\t\t\t\t<\/div>\n\t\t\t\t\t<\/div>\n\t\t\t\t<\/div>\n\t\t\t\t<\/div>\n\t\t","protected":false},"excerpt":{"rendered":"<p>Cont\u00e1ctanos \u00bfTienes dudas, quieres reservar una mesa o colaborar con nosotros? No dudes en contactarnos. \u00a1Esperamos poder ayudarte! \u00a1Cont\u00e1ctanos y te ayudaremos! Estamos aqu\u00ed para ti, escr\u00edbenos y te ayudaremos con todas tus dudas. Prometemos responder lo antes posible. Nuestro horario de apertura es:Lun &#8211; Dom:13:00 &#8211; 16:00 Horario de almuerzo:13:00 &#8211; 16:00 +34 651 [&hellip;]<\/p>\n","protected":false},"author":1,"featured_media":624,"parent":0,"menu_order":0,"comment_status":"closed","ping_status":"closed","template":"elementor_header_footer","meta":{"footnotes":""},"class_list":["post-38","page","type-page","status-publish","has-post-thumbnail","hentry"],"yoast_head":"<!-- This site is optimized with the Yoast SEO plugin v27.1.1 - https:\/\/yoast.com\/product\/yoast-seo-wordpress\/ -->\n<title>Contacto - Grand Benidorm<\/title>\n<meta name=\"description\" content=\"\u00bfTienes dudas, quieres reservar una mesa o colaborar con nosotros? No dudes en contactarnos. \u00a1Esperamos poder ayudarte!\" \/>\n<meta name=\"robots\" content=\"index, follow, max-snippet:-1, max-image-preview:large, max-video-preview:-1\" \/>\n<link rel=\"canonical\" href=\"https:\/\/grandbenidorm.es\/en\/contacto\/\" \/>\n<meta property=\"og:locale\" content=\"en_US\" \/>\n<meta property=\"og:type\" content=\"article\" \/>\n<meta property=\"og:title\" content=\"Contacto\" \/>\n<meta property=\"og:description\" content=\"\u00bfTienes dudas, quieres reservar una mesa o colaborar con nosotros? No dudes en contactarnos. \u00a1Esperamos poder ayudarte!\" \/>\n<meta property=\"og:url\" content=\"https:\/\/grandbenidorm.es\/en\/contacto\/\" \/>\n<meta property=\"og:site_name\" content=\"Grand Benidorm\" \/>\n<meta property=\"article:modified_time\" content=\"2025-11-29T20:51:37+00:00\" \/>\n<meta property=\"og:image\" content=\"https:\/\/grandbenidorm.es\/wp-content\/uploads\/2025\/05\/Grand-Dubai.png\" \/>\n\t<meta property=\"og:image:width\" content=\"300\" \/>\n\t<meta property=\"og:image:height\" content=\"200\" \/>\n\t<meta property=\"og:image:type\" content=\"image\/png\" \/>\n<meta name=\"twitter:card\" content=\"summary_large_image\" \/>\n<meta name=\"twitter:title\" content=\"Contacto\" \/>\n<meta name=\"twitter:description\" content=\"\u00bfTienes dudas, quieres reservar una mesa o colaborar con nosotros? No dudes en contactarnos. \u00a1Esperamos poder ayudarte!\" \/>\n<meta name=\"twitter:image\" content=\"https:\/\/grandbenidorm.es\/wp-content\/uploads\/2025\/05\/Grand-Dubai.png\" \/>\n<meta name=\"twitter:label1\" content=\"Est. reading time\" \/>\n\t<meta name=\"twitter:data1\" content=\"1 minute\" \/>\n<script type=\"application\/ld+json\" class=\"yoast-schema-graph\">{\"@context\":\"https:\/\/schema.org\",\"@graph\":[{\"@type\":\"WebPage\",\"@id\":\"https:\/\/grandbenidorm.es\/contacto\/\",\"url\":\"https:\/\/grandbenidorm.es\/contacto\/\",\"name\":\"Contacto - Grand Benidorm\",\"isPartOf\":{\"@id\":\"https:\/\/grandbenidorm.es\/#website\"},\"primaryImageOfPage\":{\"@id\":\"https:\/\/grandbenidorm.es\/contacto\/#primaryimage\"},\"image\":{\"@id\":\"https:\/\/grandbenidorm.es\/contacto\/#primaryimage\"},\"thumbnailUrl\":\"https:\/\/grandbenidorm.es\/wp-content\/uploads\/2025\/05\/Grand-Dubai.png\",\"datePublished\":\"2025-04-15T15:31:07+00:00\",\"dateModified\":\"2025-11-29T20:51:37+00:00\",\"description\":\"\u00bfTienes dudas, quieres reservar una mesa o colaborar con nosotros? No dudes en contactarnos. \u00a1Esperamos poder ayudarte!\",\"breadcrumb\":{\"@id\":\"https:\/\/grandbenidorm.es\/contacto\/#breadcrumb\"},\"inLanguage\":\"en-US\",\"potentialAction\":[{\"@type\":\"ReadAction\",\"target\":[\"https:\/\/grandbenidorm.es\/contacto\/\"]}]},{\"@type\":\"ImageObject\",\"inLanguage\":\"en-US\",\"@id\":\"https:\/\/grandbenidorm.es\/contacto\/#primaryimage\",\"url\":\"https:\/\/grandbenidorm.es\/wp-content\/uploads\/2025\/05\/Grand-Dubai.png\",\"contentUrl\":\"https:\/\/grandbenidorm.es\/wp-content\/uploads\/2025\/05\/Grand-Dubai.png\",\"width\":300,\"height\":200,\"caption\":\"Grand Benidorm\"},{\"@type\":\"BreadcrumbList\",\"@id\":\"https:\/\/grandbenidorm.es\/contacto\/#breadcrumb\",\"itemListElement\":[{\"@type\":\"ListItem\",\"position\":1,\"name\":\"Hem\",\"item\":\"https:\/\/grandbenidorm.es\/\"},{\"@type\":\"ListItem\",\"position\":2,\"name\":\"Contacto\"}]},{\"@type\":\"WebSite\",\"@id\":\"https:\/\/grandbenidorm.es\/#website\",\"url\":\"https:\/\/grandbenidorm.es\/\",\"name\":\"Grand Benidorm\",\"description\":\"Dub\u00e1i en el plato \u2013 Espa\u00f1a en el coraz\u00f3n\",\"publisher\":{\"@id\":\"https:\/\/grandbenidorm.es\/#organization\"},\"alternateName\":\"Grand Benidorm\",\"potentialAction\":[{\"@type\":\"SearchAction\",\"target\":{\"@type\":\"EntryPoint\",\"urlTemplate\":\"https:\/\/grandbenidorm.es\/?s={search_term_string}\"},\"query-input\":{\"@type\":\"PropertyValueSpecification\",\"valueRequired\":true,\"valueName\":\"search_term_string\"}}],\"inLanguage\":\"en-US\"},{\"@type\":\"Organization\",\"@id\":\"https:\/\/grandbenidorm.es\/#organization\",\"name\":\"Grand Benidorm\",\"alternateName\":\"Grand Benidorm\",\"url\":\"https:\/\/grandbenidorm.es\/\",\"logo\":{\"@type\":\"ImageObject\",\"inLanguage\":\"en-US\",\"@id\":\"https:\/\/grandbenidorm.es\/#\/schema\/logo\/image\/\",\"url\":\"https:\/\/grandbenidorm.es\/wp-content\/uploads\/2025\/11\/Grand-Ny-Logo-1.svg\",\"contentUrl\":\"https:\/\/grandbenidorm.es\/wp-content\/uploads\/2025\/11\/Grand-Ny-Logo-1.svg\",\"width\":734,\"height\":425,\"caption\":\"Grand Benidorm\"},\"image\":{\"@id\":\"https:\/\/grandbenidorm.es\/#\/schema\/logo\/image\/\"},\"sameAs\":[\"https:\/\/www.instagram.com\/granddubaispain\/\",\"https:\/\/api.whatsapp.com\/send?phone=46709998893\"]}]}<\/script>\n<!-- \/ Yoast SEO plugin. -->","yoast_head_json":{"title":"Contacto - Grand Benidorm","description":"Do you have any questions, want to reserve a table, or collaborate with us? Don't hesitate to contact us. We look forward to help you!","robots":{"index":"index","follow":"follow","max-snippet":"max-snippet:-1","max-image-preview":"max-image-preview:large","max-video-preview":"max-video-preview:-1"},"canonical":"https:\/\/grandbenidorm.es\/en\/contacto\/","og_locale":"en_US","og_type":"article","og_title":"Contacto","og_description":"\u00bfTienes dudas, quieres reservar una mesa o colaborar con nosotros? No dudes en contactarnos. \u00a1Esperamos poder ayudarte!","og_url":"https:\/\/grandbenidorm.es\/en\/contacto\/","og_site_name":"Grand Benidorm","article_modified_time":"2025-11-29T20:51:37+00:00","og_image":[{"width":300,"height":200,"url":"https:\/\/grandbenidorm.es\/wp-content\/uploads\/2025\/05\/Grand-Dubai.png","type":"image\/png"}],"twitter_card":"summary_large_image","twitter_title":"Contacto","twitter_description":"\u00bfTienes dudas, quieres reservar una mesa o colaborar con nosotros? No dudes en contactarnos. \u00a1Esperamos poder ayudarte!","twitter_image":"https:\/\/grandbenidorm.es\/wp-content\/uploads\/2025\/05\/Grand-Dubai.png","twitter_misc":{"Est. reading time":"1 minute"},"schema":{"@context":"https:\/\/schema.org","@graph":[{"@type":"WebPage","@id":"https:\/\/grandbenidorm.es\/contacto\/","url":"https:\/\/grandbenidorm.es\/contacto\/","name":"Contacto - Grand Benidorm","isPartOf":{"@id":"https:\/\/grandbenidorm.es\/#website"},"primaryImageOfPage":{"@id":"https:\/\/grandbenidorm.es\/contacto\/#primaryimage"},"image":{"@id":"https:\/\/grandbenidorm.es\/contacto\/#primaryimage"},"thumbnailUrl":"https:\/\/grandbenidorm.es\/wp-content\/uploads\/2025\/05\/Grand-Dubai.png","datePublished":"2025-04-15T15:31:07+00:00","dateModified":"2025-11-29T20:51:37+00:00","description":"Do you have any questions, want to reserve a table, or collaborate with us? Don't hesitate to contact us. We look forward to help you!","breadcrumb":{"@id":"https:\/\/grandbenidorm.es\/contacto\/#breadcrumb"},"inLanguage":"en-US","potentialAction":[{"@type":"ReadAction","target":["https:\/\/grandbenidorm.es\/contacto\/"]}]},{"@type":"ImageObject","inLanguage":"en-US","@id":"https:\/\/grandbenidorm.es\/contacto\/#primaryimage","url":"https:\/\/grandbenidorm.es\/wp-content\/uploads\/2025\/05\/Grand-Dubai.png","contentUrl":"https:\/\/grandbenidorm.es\/wp-content\/uploads\/2025\/05\/Grand-Dubai.png","width":300,"height":200,"caption":"Grand Benidorm"},{"@type":"BreadcrumbList","@id":"https:\/\/grandbenidorm.es\/contacto\/#breadcrumb","itemListElement":[{"@type":"ListItem","position":1,"name":"Hem","item":"https:\/\/grandbenidorm.es\/"},{"@type":"ListItem","position":2,"name":"Contacto"}]},{"@type":"WebSite","@id":"https:\/\/grandbenidorm.es\/#website","url":"https:\/\/grandbenidorm.es\/","name":"Grand Benidorm","description":"Dub\u00e1i en el plato \u2013 Espa\u00f1a en el coraz\u00f3n","publisher":{"@id":"https:\/\/grandbenidorm.es\/#organization"},"alternateName":"Grand Benidorm","potentialAction":[{"@type":"SearchAction","target":{"@type":"EntryPoint","urlTemplate":"https:\/\/grandbenidorm.es\/?s={search_term_string}"},"query-input":{"@type":"PropertyValueSpecification","valueRequired":true,"valueName":"search_term_string"}}],"inLanguage":"en-US"},{"@type":"Organization","@id":"https:\/\/grandbenidorm.es\/#organization","name":"Grand Benidorm","alternateName":"Grand Benidorm","url":"https:\/\/grandbenidorm.es\/","logo":{"@type":"ImageObject","inLanguage":"en-US","@id":"https:\/\/grandbenidorm.es\/#\/schema\/logo\/image\/","url":"https:\/\/grandbenidorm.es\/wp-content\/uploads\/2025\/11\/Grand-Ny-Logo-1.svg","contentUrl":"https:\/\/grandbenidorm.es\/wp-content\/uploads\/2025\/11\/Grand-Ny-Logo-1.svg","width":734,"height":425,"caption":"Grand Benidorm"},"image":{"@id":"https:\/\/grandbenidorm.es\/#\/schema\/logo\/image\/"},"sameAs":["https:\/\/www.instagram.com\/granddubaispain\/","https:\/\/api.whatsapp.com\/send?phone=46709998893"]}]}},"_links":{"self":[{"href":"https:\/\/grandbenidorm.es\/en\/wp-json\/wp\/v2\/pages\/38","targetHints":{"allow":["GET"]}}],"collection":[{"href":"https:\/\/grandbenidorm.es\/en\/wp-json\/wp\/v2\/pages"}],"about":[{"href":"https:\/\/grandbenidorm.es\/en\/wp-json\/wp\/v2\/types\/page"}],"author":[{"embeddable":true,"href":"https:\/\/grandbenidorm.es\/en\/wp-json\/wp\/v2\/users\/1"}],"replies":[{"embeddable":true,"href":"https:\/\/grandbenidorm.es\/en\/wp-json\/wp\/v2\/comments?post=38"}],"version-history":[{"count":95,"href":"https:\/\/grandbenidorm.es\/en\/wp-json\/wp\/v2\/pages\/38\/revisions"}],"predecessor-version":[{"id":812,"href":"https:\/\/grandbenidorm.es\/en\/wp-json\/wp\/v2\/pages\/38\/revisions\/812"}],"wp:featuredmedia":[{"embeddable":true,"href":"https:\/\/grandbenidorm.es\/en\/wp-json\/wp\/v2\/media\/624"}],"wp:attachment":[{"href":"https:\/\/grandbenidorm.es\/en\/wp-json\/wp\/v2\/media?parent=38"}],"curies":[{"name":"wp","href":"https:\/\/api.w.org\/{rel}","templated":true}]}}