{"id":34,"date":"2025-04-15T17:30:43","date_gmt":"2025-04-15T15:30:43","guid":{"rendered":"https:\/\/grandbenidorm.es\/?page_id=34"},"modified":"2025-11-29T21:46:24","modified_gmt":"2025-11-29T20:46:24","slug":"el-almuerzo-de-hoy","status":"publish","type":"page","link":"https:\/\/grandbenidorm.es\/en\/el-almuerzo-de-hoy\/","title":{"rendered":"Today's lunch"},"content":{"rendered":"<div data-elementor-type=\"wp-page\" data-elementor-id=\"34\" class=\"elementor elementor-34\" data-elementor-post-type=\"page\">\n\t\t\t\t<div class=\"elementor-element elementor-element-adbbd70 e-flex e-con-boxed e-con e-parent\" data-id=\"adbbd70\" data-element_type=\"container\" data-e-type=\"container\">\n\t\t\t\t\t<div class=\"e-con-inner\">\n\t\t<div class=\"elementor-element elementor-element-bddcfe1 e-con-full e-flex e-con e-child\" data-id=\"bddcfe1\" data-element_type=\"container\" data-e-type=\"container\">\n\t\t<main class=\"elementor-element elementor-element-1f64ae1 e-con-full e-flex e-con e-child\" data-id=\"1f64ae1\" data-element_type=\"container\" data-e-type=\"container\">\n\t\t\t\t<div class=\"elementor-element elementor-element-2b56c51 elementor-widget elementor-widget-heading\" data-id=\"2b56c51\" data-element_type=\"widget\" data-e-type=\"widget\" data-widget_type=\"heading.default\">\n\t\t\t\t<div class=\"elementor-widget-container\">\n\t\t\t\t\t<h1 class=\"elementor-heading-title elementor-size-default\">lunch 12\u00a3<\/h1>\t\t\t\t<\/div>\n\t\t\t\t<\/div>\n\t\t\t\t<div class=\"elementor-element elementor-element-9d8ddbf elementor-widget elementor-widget-heading\" data-id=\"9d8ddbf\" data-element_type=\"widget\" data-e-type=\"widget\" data-widget_type=\"heading.default\">\n\t\t\t\t<div class=\"elementor-widget-container\">\n\t\t\t\t\t<h1 class=\"elementor-heading-title elementor-size-default\">13: 00 16:00<\/h1>\t\t\t\t<\/div>\n\t\t\t\t<\/div>\n\t\t\t\t<div class=\"elementor-element elementor-element-8601e56 elementor-widget elementor-widget-text-editor\" data-id=\"8601e56\" data-element_type=\"widget\" data-e-type=\"widget\" data-widget_type=\"text-editor.default\">\n\t\t\t\t<div class=\"elementor-widget-container\">\n\t\t\t\t\t\t\t\t\t<p class=\"translation-block\">Two skewers to choose from: <br> chicken, kebab, or grilled salmon. <br> Choose from bulgur, rice, or fries.<\/p>\t\t\t\t\t\t\t\t<\/div>\n\t\t\t\t<\/div>\n\t\t\t\t<div class=\"elementor-element elementor-element-7814f40 elementor-widget elementor-widget-text-editor\" data-id=\"7814f40\" data-element_type=\"widget\" data-e-type=\"widget\" data-widget_type=\"text-editor.default\">\n\t\t\t\t<div class=\"elementor-widget-container\">\n\t\t\t\t\t\t\t\t\t<p><img decoding=\"async\" class=\"alignnone  wp-image-244\" src=\"https:\/\/grandbenidorm.es\/wp-content\/uploads\/2025\/04\/green-leaf-icon-10-300x300.png\" alt=\"\" width=\"25\" height=\"25\" srcset=\"https:\/\/grandbenidorm.es\/wp-content\/uploads\/2025\/04\/green-leaf-icon-10-300x300.png 300w, https:\/\/grandbenidorm.es\/wp-content\/uploads\/2025\/04\/green-leaf-icon-10-150x150.png 150w, https:\/\/grandbenidorm.es\/wp-content\/uploads\/2025\/04\/green-leaf-icon-10-12x12.png 12w, https:\/\/grandbenidorm.es\/wp-content\/uploads\/2025\/04\/green-leaf-icon-10.png 320w\" sizes=\"(max-width: 25px) 100vw, 25px\" \/>\u00a0 Falafel, Rakakat jebneh, Artichoke, Fatajer (espinaca)<br \/><span style=\"color: #ffffff;\">All dishes are served with salad and 3 Lebanese meze<\/span><\/p>\t\t\t\t\t\t\t\t<\/div>\n\t\t\t\t<\/div>\n\t\t\t\t<\/main>\n\t\t\t\t<\/div>\n\t\t\t\t\t<\/div>\n\t\t\t\t<\/div>\n\t\t<div class=\"elementor-element elementor-element-8015483 e-flex e-con-boxed e-con e-parent\" data-id=\"8015483\" data-element_type=\"container\" data-e-type=\"container\">\n\t\t\t\t\t<div class=\"e-con-inner\">\n\t\t<div class=\"elementor-element elementor-element-95342f4 e-con-full e-flex e-con e-child\" data-id=\"95342f4\" data-element_type=\"container\" data-e-type=\"container\">\n\t\t<div class=\"elementor-element elementor-element-f09863c e-con-full e-flex e-con e-child\" data-id=\"f09863c\" data-element_type=\"container\" data-e-type=\"container\">\n\t\t\t\t<div class=\"elementor-element elementor-element-828551c elementor-widget elementor-widget-spacer\" data-id=\"828551c\" data-element_type=\"widget\" data-e-type=\"widget\" data-widget_type=\"spacer.default\">\n\t\t\t\t<div class=\"elementor-widget-container\">\n\t\t\t\t\t\t\t<div class=\"elementor-spacer\">\n\t\t\t<div class=\"elementor-spacer-inner\"><\/div>\n\t\t<\/div>\n\t\t\t\t\t\t<\/div>\n\t\t\t\t<\/div>\n\t\t\t\t<\/div>\n\t\t\t\t<\/div>\n\t\t\t\t\t<\/div>\n\t\t\t\t<\/div>\n\t\t\t\t<\/div>","protected":false},"excerpt":{"rendered":"<p>almuerzo 12\u00a3 13: 00 16:00 Dos brochetas para elegirpollo, kebab o salm\u00f3n a la parrillaElige entre bulgur, arroz o patatas fritas \u00a0 Falafel, Rakakat jebneh, Artichoke, Fatajer (espinaca)Todos los platos se sirven con ensalada y 3 meze libaneses<\/p>","protected":false},"author":1,"featured_media":808,"parent":0,"menu_order":0,"comment_status":"closed","ping_status":"closed","template":"elementor_header_footer","meta":{"footnotes":""},"class_list":["post-34","page","type-page","status-publish","has-post-thumbnail","hentry"],"yoast_head":"<!-- This site is optimized with the Yoast SEO plugin v27.1.1 - https:\/\/yoast.com\/product\/yoast-seo-wordpress\/ -->\n<title>El almuerzo de hoy - Grand Benidorm<\/title>\n<meta name=\"description\" content=\"Aqu\u00ed encontrar\u00e1 el almuerzo de hoy servido en Grand Dubai. Una c\u00e1lida bienvenida para unirse a nosotros para un maravilloso almuerzo.\" \/>\n<meta name=\"robots\" content=\"index, follow, max-snippet:-1, max-image-preview:large, max-video-preview:-1\" \/>\n<link rel=\"canonical\" href=\"https:\/\/grandbenidorm.es\/en\/el-almuerzo-de-hoy\/\" \/>\n<meta property=\"og:locale\" content=\"en_US\" \/>\n<meta property=\"og:type\" content=\"article\" \/>\n<meta property=\"og:title\" content=\"Almuerzo\" \/>\n<meta property=\"og:description\" content=\"Aqu\u00ed encontrar\u00e1 el almuerzo de hoy servido en Grand Dubai. Una c\u00e1lida bienvenida para unirse a nosotros para un maravilloso almuerzo.\" \/>\n<meta property=\"og:url\" content=\"https:\/\/grandbenidorm.es\/en\/el-almuerzo-de-hoy\/\" \/>\n<meta property=\"og:site_name\" content=\"Grand Benidorm\" \/>\n<meta property=\"article:modified_time\" content=\"2025-11-29T20:46:24+00:00\" \/>\n<meta property=\"og:image\" content=\"https:\/\/grandbenidorm.es\/wp-content\/uploads\/2025\/05\/Grand-Dubai.png\" \/>\n\t<meta property=\"og:image:width\" content=\"300\" \/>\n\t<meta property=\"og:image:height\" content=\"200\" \/>\n\t<meta property=\"og:image:type\" content=\"image\/png\" \/>\n<meta name=\"twitter:card\" content=\"summary_large_image\" \/>\n<meta name=\"twitter:title\" content=\"Almuerzo\" \/>\n<meta name=\"twitter:description\" content=\"Aqu\u00ed encontrar\u00e1 el almuerzo de hoy servido en Grand Dubai. Una c\u00e1lida bienvenida para unirse a nosotros para un maravilloso almuerzo.\" \/>\n<meta name=\"twitter:image\" content=\"https:\/\/grandbenidorm.es\/wp-content\/uploads\/2025\/05\/Grand-Dubai.png\" \/>\n<meta name=\"twitter:label1\" content=\"Est. reading time\" \/>\n\t<meta name=\"twitter:data1\" content=\"1 minute\" \/>\n<script type=\"application\/ld+json\" class=\"yoast-schema-graph\">{\"@context\":\"https:\/\/schema.org\",\"@graph\":[{\"@type\":\"WebPage\",\"@id\":\"https:\/\/grandbenidorm.es\/el-almuerzo-de-hoy\/\",\"url\":\"https:\/\/grandbenidorm.es\/el-almuerzo-de-hoy\/\",\"name\":\"El almuerzo de hoy - Grand Benidorm\",\"isPartOf\":{\"@id\":\"https:\/\/grandbenidorm.es\/#website\"},\"primaryImageOfPage\":{\"@id\":\"https:\/\/grandbenidorm.es\/el-almuerzo-de-hoy\/#primaryimage\"},\"image\":{\"@id\":\"https:\/\/grandbenidorm.es\/el-almuerzo-de-hoy\/#primaryimage\"},\"thumbnailUrl\":\"https:\/\/grandbenidorm.es\/wp-content\/uploads\/2025\/11\/Grand-Benidorm-Logo-Google-V3-1.png\",\"datePublished\":\"2025-04-15T15:30:43+00:00\",\"dateModified\":\"2025-11-29T20:46:24+00:00\",\"description\":\"Aqu\u00ed encontrar\u00e1 el almuerzo de hoy servido en Grand Dubai. Una c\u00e1lida bienvenida para unirse a nosotros para un maravilloso almuerzo.\",\"breadcrumb\":{\"@id\":\"https:\/\/grandbenidorm.es\/el-almuerzo-de-hoy\/#breadcrumb\"},\"inLanguage\":\"en-US\",\"potentialAction\":[{\"@type\":\"ReadAction\",\"target\":[\"https:\/\/grandbenidorm.es\/el-almuerzo-de-hoy\/\"]}]},{\"@type\":\"ImageObject\",\"inLanguage\":\"en-US\",\"@id\":\"https:\/\/grandbenidorm.es\/el-almuerzo-de-hoy\/#primaryimage\",\"url\":\"https:\/\/grandbenidorm.es\/wp-content\/uploads\/2025\/11\/Grand-Benidorm-Logo-Google-V3-1.png\",\"contentUrl\":\"https:\/\/grandbenidorm.es\/wp-content\/uploads\/2025\/11\/Grand-Benidorm-Logo-Google-V3-1.png\",\"width\":446,\"height\":315,\"caption\":\"Grand Benidorm\"},{\"@type\":\"BreadcrumbList\",\"@id\":\"https:\/\/grandbenidorm.es\/el-almuerzo-de-hoy\/#breadcrumb\",\"itemListElement\":[{\"@type\":\"ListItem\",\"position\":1,\"name\":\"Hem\",\"item\":\"https:\/\/grandbenidorm.es\/\"},{\"@type\":\"ListItem\",\"position\":2,\"name\":\"El almuerzo de hoy\"}]},{\"@type\":\"WebSite\",\"@id\":\"https:\/\/grandbenidorm.es\/#website\",\"url\":\"https:\/\/grandbenidorm.es\/\",\"name\":\"Grand Benidorm\",\"description\":\"Dub\u00e1i en el plato \u2013 Espa\u00f1a en el coraz\u00f3n\",\"publisher\":{\"@id\":\"https:\/\/grandbenidorm.es\/#organization\"},\"alternateName\":\"Grand Benidorm\",\"potentialAction\":[{\"@type\":\"SearchAction\",\"target\":{\"@type\":\"EntryPoint\",\"urlTemplate\":\"https:\/\/grandbenidorm.es\/?s={search_term_string}\"},\"query-input\":{\"@type\":\"PropertyValueSpecification\",\"valueRequired\":true,\"valueName\":\"search_term_string\"}}],\"inLanguage\":\"en-US\"},{\"@type\":\"Organization\",\"@id\":\"https:\/\/grandbenidorm.es\/#organization\",\"name\":\"Grand Benidorm\",\"alternateName\":\"Grand Benidorm\",\"url\":\"https:\/\/grandbenidorm.es\/\",\"logo\":{\"@type\":\"ImageObject\",\"inLanguage\":\"en-US\",\"@id\":\"https:\/\/grandbenidorm.es\/#\/schema\/logo\/image\/\",\"url\":\"https:\/\/grandbenidorm.es\/wp-content\/uploads\/2025\/11\/Grand-Ny-Logo-1.svg\",\"contentUrl\":\"https:\/\/grandbenidorm.es\/wp-content\/uploads\/2025\/11\/Grand-Ny-Logo-1.svg\",\"width\":734,\"height\":425,\"caption\":\"Grand Benidorm\"},\"image\":{\"@id\":\"https:\/\/grandbenidorm.es\/#\/schema\/logo\/image\/\"},\"sameAs\":[\"https:\/\/www.instagram.com\/granddubaispain\/\",\"https:\/\/api.whatsapp.com\/send?phone=46709998893\"]}]}<\/script>\n<!-- \/ Yoast SEO plugin. -->","yoast_head_json":{"title":"El almuerzo de hoy - Grand Benidorm","description":"Aqu\u00ed encontrar\u00e1 el almuerzo de hoy servido en Grand Dubai. Una c\u00e1lida bienvenida para unirse a nosotros para un maravilloso almuerzo.","robots":{"index":"index","follow":"follow","max-snippet":"max-snippet:-1","max-image-preview":"max-image-preview:large","max-video-preview":"max-video-preview:-1"},"canonical":"https:\/\/grandbenidorm.es\/en\/el-almuerzo-de-hoy\/","og_locale":"en_US","og_type":"article","og_title":"Almuerzo","og_description":"Aqu\u00ed encontrar\u00e1 el almuerzo de hoy servido en Grand Dubai. Una c\u00e1lida bienvenida para unirse a nosotros para un maravilloso almuerzo.","og_url":"https:\/\/grandbenidorm.es\/en\/el-almuerzo-de-hoy\/","og_site_name":"Grand Benidorm","article_modified_time":"2025-11-29T20:46:24+00:00","og_image":[{"width":300,"height":200,"url":"https:\/\/grandbenidorm.es\/wp-content\/uploads\/2025\/05\/Grand-Dubai.png","type":"image\/png"}],"twitter_card":"summary_large_image","twitter_title":"Almuerzo","twitter_description":"Aqu\u00ed encontrar\u00e1 el almuerzo de hoy servido en Grand Dubai. Una c\u00e1lida bienvenida para unirse a nosotros para un maravilloso almuerzo.","twitter_image":"https:\/\/grandbenidorm.es\/wp-content\/uploads\/2025\/05\/Grand-Dubai.png","twitter_misc":{"Est. reading time":"1 minute"},"schema":{"@context":"https:\/\/schema.org","@graph":[{"@type":"WebPage","@id":"https:\/\/grandbenidorm.es\/el-almuerzo-de-hoy\/","url":"https:\/\/grandbenidorm.es\/el-almuerzo-de-hoy\/","name":"El almuerzo de hoy - Grand Benidorm","isPartOf":{"@id":"https:\/\/grandbenidorm.es\/#website"},"primaryImageOfPage":{"@id":"https:\/\/grandbenidorm.es\/el-almuerzo-de-hoy\/#primaryimage"},"image":{"@id":"https:\/\/grandbenidorm.es\/el-almuerzo-de-hoy\/#primaryimage"},"thumbnailUrl":"https:\/\/grandbenidorm.es\/wp-content\/uploads\/2025\/11\/Grand-Benidorm-Logo-Google-V3-1.png","datePublished":"2025-04-15T15:30:43+00:00","dateModified":"2025-11-29T20:46:24+00:00","description":"Aqu\u00ed encontrar\u00e1 el almuerzo de hoy servido en Grand Dubai. Una c\u00e1lida bienvenida para unirse a nosotros para un maravilloso almuerzo.","breadcrumb":{"@id":"https:\/\/grandbenidorm.es\/el-almuerzo-de-hoy\/#breadcrumb"},"inLanguage":"en-US","potentialAction":[{"@type":"ReadAction","target":["https:\/\/grandbenidorm.es\/el-almuerzo-de-hoy\/"]}]},{"@type":"ImageObject","inLanguage":"en-US","@id":"https:\/\/grandbenidorm.es\/el-almuerzo-de-hoy\/#primaryimage","url":"https:\/\/grandbenidorm.es\/wp-content\/uploads\/2025\/11\/Grand-Benidorm-Logo-Google-V3-1.png","contentUrl":"https:\/\/grandbenidorm.es\/wp-content\/uploads\/2025\/11\/Grand-Benidorm-Logo-Google-V3-1.png","width":446,"height":315,"caption":"Grand Benidorm"},{"@type":"BreadcrumbList","@id":"https:\/\/grandbenidorm.es\/el-almuerzo-de-hoy\/#breadcrumb","itemListElement":[{"@type":"ListItem","position":1,"name":"Hem","item":"https:\/\/grandbenidorm.es\/"},{"@type":"ListItem","position":2,"name":"El almuerzo de hoy"}]},{"@type":"WebSite","@id":"https:\/\/grandbenidorm.es\/#website","url":"https:\/\/grandbenidorm.es\/","name":"Grand Benidorm","description":"Dub\u00e1i en el plato \u2013 Espa\u00f1a en el coraz\u00f3n","publisher":{"@id":"https:\/\/grandbenidorm.es\/#organization"},"alternateName":"Grand Benidorm","potentialAction":[{"@type":"SearchAction","target":{"@type":"EntryPoint","urlTemplate":"https:\/\/grandbenidorm.es\/?s={search_term_string}"},"query-input":{"@type":"PropertyValueSpecification","valueRequired":true,"valueName":"search_term_string"}}],"inLanguage":"en-US"},{"@type":"Organization","@id":"https:\/\/grandbenidorm.es\/#organization","name":"Grand Benidorm","alternateName":"Grand Benidorm","url":"https:\/\/grandbenidorm.es\/","logo":{"@type":"ImageObject","inLanguage":"en-US","@id":"https:\/\/grandbenidorm.es\/#\/schema\/logo\/image\/","url":"https:\/\/grandbenidorm.es\/wp-content\/uploads\/2025\/11\/Grand-Ny-Logo-1.svg","contentUrl":"https:\/\/grandbenidorm.es\/wp-content\/uploads\/2025\/11\/Grand-Ny-Logo-1.svg","width":734,"height":425,"caption":"Grand Benidorm"},"image":{"@id":"https:\/\/grandbenidorm.es\/#\/schema\/logo\/image\/"},"sameAs":["https:\/\/www.instagram.com\/granddubaispain\/","https:\/\/api.whatsapp.com\/send?phone=46709998893"]}]}},"_links":{"self":[{"href":"https:\/\/grandbenidorm.es\/en\/wp-json\/wp\/v2\/pages\/34","targetHints":{"allow":["GET"]}}],"collection":[{"href":"https:\/\/grandbenidorm.es\/en\/wp-json\/wp\/v2\/pages"}],"about":[{"href":"https:\/\/grandbenidorm.es\/en\/wp-json\/wp\/v2\/types\/page"}],"author":[{"embeddable":true,"href":"https:\/\/grandbenidorm.es\/en\/wp-json\/wp\/v2\/users\/1"}],"replies":[{"embeddable":true,"href":"https:\/\/grandbenidorm.es\/en\/wp-json\/wp\/v2\/comments?post=34"}],"version-history":[{"count":44,"href":"https:\/\/grandbenidorm.es\/en\/wp-json\/wp\/v2\/pages\/34\/revisions"}],"predecessor-version":[{"id":663,"href":"https:\/\/grandbenidorm.es\/en\/wp-json\/wp\/v2\/pages\/34\/revisions\/663"}],"wp:featuredmedia":[{"embeddable":true,"href":"https:\/\/grandbenidorm.es\/en\/wp-json\/wp\/v2\/media\/808"}],"wp:attachment":[{"href":"https:\/\/grandbenidorm.es\/en\/wp-json\/wp\/v2\/media?parent=34"}],"curies":[{"name":"wp","href":"https:\/\/api.w.org\/{rel}","templated":true}]}}