{"id":3,"date":"2025-04-15T07:55:33","date_gmt":"2025-04-15T07:55:33","guid":{"rendered":"https:\/\/grandbenidorm.es\/?page_id=3"},"modified":"2025-11-29T21:46:51","modified_gmt":"2025-11-29T20:46:51","slug":"politica-de-privacidad","status":"publish","type":"page","link":"https:\/\/grandbenidorm.es\/en\/politica-de-privacidad\/","title":{"rendered":"Privacy policy"},"content":{"rendered":"<div data-elementor-type=\"wp-page\" data-elementor-id=\"3\" class=\"elementor elementor-3\" data-elementor-post-type=\"page\">\n\t\t\t\t<div class=\"elementor-element elementor-element-6d8d534 e-flex e-con-boxed e-con e-parent\" data-id=\"6d8d534\" data-element_type=\"container\" data-e-type=\"container\" data-settings=\"{&quot;background_background&quot;:&quot;classic&quot;}\">\n\t\t\t\t\t<div class=\"e-con-inner\">\n\t\t<div class=\"elementor-element elementor-element-c2d1e22 e-con-full e-flex e-con e-child\" data-id=\"c2d1e22\" data-element_type=\"container\" data-e-type=\"container\">\n\t\t<main class=\"elementor-element elementor-element-7d0e95a e-con-full e-flex e-con e-child\" data-id=\"7d0e95a\" data-element_type=\"container\" data-e-type=\"container\">\n\t\t\t\t<div class=\"elementor-element elementor-element-3774009 elementor-widget elementor-widget-heading\" data-id=\"3774009\" data-element_type=\"widget\" data-e-type=\"widget\" data-widget_type=\"heading.default\">\n\t\t\t\t<div class=\"elementor-widget-container\">\n\t\t\t\t\t<h1 class=\"elementor-heading-title elementor-size-default\">Privacy policy<\/h1>\t\t\t\t<\/div>\n\t\t\t\t<\/div>\n\t\t\t\t<div class=\"elementor-element elementor-element-8d7ffbe elementor-widget elementor-widget-text-editor\" data-id=\"8d7ffbe\" data-element_type=\"widget\" data-e-type=\"widget\" data-widget_type=\"text-editor.default\">\n\t\t\t\t<div class=\"elementor-widget-container\">\n\t\t\t\t\t\t\t\t\t<p>Grand Dubai<\/p>\t\t\t\t\t\t\t\t<\/div>\n\t\t\t\t<\/div>\n\t\t\t\t<div class=\"elementor-element elementor-element-c0a46fc elementor-widget elementor-widget-text-editor\" data-id=\"c0a46fc\" data-element_type=\"widget\" data-e-type=\"widget\" data-widget_type=\"text-editor.default\">\n\t\t\t\t<div class=\"elementor-widget-container\">\n\t\t\t\t\t\t\t\t\t<p>Grand Dubai \u2013 (Grand Dubai \/ www.granddubai.es) safeguards the security of your personal data with the utmost integrity and consideration. Our website https:\/\/grandbenidorm.es\/ is encrypted with HTTPS\/SSL certificates. The certificate is designed to prevent unauthorized persons from viewing information sent between servers. Here we explain how we collect and use data to comply with applicable laws and regulations (GDPR). The information on this page may be updated. This privacy policy was last updated on May 5, 2025.<br \/><br \/><\/p><div data-id=\"2118ecf\" data-element_type=\"widget\" data-widget_type=\"heading.default\"><h5>What data do we store and for how long?<\/h5><\/div><div data-id=\"85ea989\" data-element_type=\"widget\" data-widget_type=\"text-editor.default\"><div><p>The data we store is the fields contained in each form. Personal data is collected and processed for the purpose of administering the action you have requested, or as required by law, and is not retained longer than necessary to fulfill this purpose. If you submit your personal data or complete a form to Grand Dubai through this website, you consent to its processing in accordance with this policy.<br \/><br \/><\/p><\/div><div><div data-id=\"4394fc5\" data-element_type=\"widget\" data-widget_type=\"heading.default\"><h5>Purpose of the collection<\/h5><div data-id=\"e30c5b3\" data-element_type=\"widget\" data-widget_type=\"text-editor.default\"><div data-id=\"e09eb6f\" data-element_type=\"widget\" data-widget_type=\"text-editor.default\"><p>We collect information to contact, establish and\/or maintain a business relationship or inquiry.<\/p><p>\u00a0<\/p><div data-id=\"9af0ea4\" data-element_type=\"widget\" data-widget_type=\"heading.default\"><h5>Modification\/deletion and right to information about personal data<\/h5><div data-id=\"f41e301\" data-element_type=\"widget\" data-widget_type=\"text-editor.default\"><div data-id=\"e09eb6f\" data-element_type=\"widget\" data-widget_type=\"text-editor.default\"><p class=\"translation-block\">You always have the opportunity and the right to request access to the information we have stored. You also have the right to request the modification or deletion of your data. To do so, please contact us via email (<a href=\"mailto:info@grandbenidorm.es\" target=\"_self\"><span style=\"color: #ffffff\">info@grandbenidorm.es<\/span><\/a>). When you are our client, we always need your information to complete our collaboration.<\/p><p>\u00a0<\/p><div data-id=\"28a471b\" data-element_type=\"widget\" data-widget_type=\"heading.default\"><h5>Changes to the General Terms and Conditions<\/h5><\/div><\/div><\/div><\/div><\/div><\/div><div data-id=\"9af0ea4\" data-element_type=\"widget\" data-widget_type=\"heading.default\"><div>We reserve the right to make changes to these terms and conditions at any time. Changes to these terms will be posted online on the Website. The modified terms and conditions will be deemed accepted in connection with an order or visit to the Website.<\/div><div><div data-id=\"842c4f1\" data-element_type=\"widget\" data-widget_type=\"heading.default\"><h5>We reserve the right to make printing errors.<\/h5><\/div><div data-id=\"5ed60cc\" data-element_type=\"widget\" data-widget_type=\"text-editor.default\"><div data-id=\"e09eb6f\" data-element_type=\"widget\" data-widget_type=\"text-editor.default\"><div data-id=\"5ed60cc\" data-element_type=\"widget\" data-widget_type=\"text-editor.default\"><div data-id=\"e09eb6f\" data-element_type=\"widget\" data-widget_type=\"text-editor.default\"><p>We reserve the right to make typographical errors in the menu and opening hours, and you can always contact us by phone if you have any questions or concerns.<\/p><\/div><\/div><\/div><\/div><div data-id=\"1e7cd8d\" data-element_type=\"widget\" data-widget_type=\"heading.default\"><h5>Sharing data with third parties<\/h5><\/div><div data-id=\"7d3802f\" data-element_type=\"widget\" data-widget_type=\"text-editor.default\"><div data-id=\"e09eb6f\" data-element_type=\"widget\" data-widget_type=\"text-editor.default\"><p>Grand Dubai may, in some cases, transfer your personal data to third parties and partners if it deems it necessary to fulfill your request for our services. Your personal data is only stored for the period necessary for the purpose of processing, unless otherwise stated in this policy. <br \/><br \/><\/p><p class=\"translation-block\"><strong>Google Analytics<br><\/strong>Grand Dubai uses Google Analytics to measure website statistics and data. By using our services, you agree that we may use your geographic location and other data services to aggregate this information into our marketing efforts. We do not provide the data ourselves; instead, we use Google's own services to maintain information essential to our business. Therefore, we do not share your information with third parties.<\/p><\/div><\/div><\/div><\/div><\/div><\/div><\/div>\t\t\t\t\t\t\t\t<\/div>\n\t\t\t\t<\/div>\n\t\t\t\t<div class=\"elementor-element elementor-element-f976745 elementor-list-item-link-inline elementor-icon-list--layout-inline elementor-align-center elementor-widget elementor-widget-icon-list\" data-id=\"f976745\" data-element_type=\"widget\" data-e-type=\"widget\" data-widget_type=\"icon-list.default\">\n\t\t\t\t<div class=\"elementor-widget-container\">\n\t\t\t\t\t\t\t<ul class=\"elementor-icon-list-items elementor-inline-items\">\n\t\t\t\t\t\t\t<li class=\"elementor-icon-list-item elementor-inline-item\">\n\t\t\t\t\t\t\t\t\t\t\t<a href=\"mailto:info@granddubai.es?subject=L\u00ednea%20de%20asunto&#038;body=Escribe%20toda%20la%20informaci\u00f3n%20aqu\u00ed\">\n\n\t\t\t\t\t\t\t\t\t\t\t\t<span class=\"elementor-icon-list-icon\">\n\t\t\t\t\t\t\t<svg aria-hidden=\"true\" class=\"e-font-icon-svg e-far-envelope\" viewbox=\"0 0 512 512\" xmlns=\"http:\/\/www.w3.org\/2000\/svg\"><path d=\"M464 64H48C21.49 64 0 85.49 0 112v288c0 26.51 21.49 48 48 48h416c26.51 0 48-21.49 48-48V112c0-26.51-21.49-48-48-48zm0 48v40.805c-22.422 18.259-58.168 46.651-134.587 106.49-16.841 13.247-50.201 45.072-73.413 44.701-23.208.375-56.579-31.459-73.413-44.701C106.18 199.465 70.425 171.067 48 152.805V112h416zM48 400V214.398c22.914 18.251 55.409 43.862 104.938 82.646 21.857 17.205 60.134 55.186 103.062 54.955 42.717.231 80.509-37.199 103.053-54.947 49.528-38.783 82.032-64.401 104.947-82.653V400H48z\"><\/path><\/svg>\t\t\t\t\t\t<\/span>\n\t\t\t\t\t\t\t\t\t\t<span class=\"elementor-icon-list-text\">info@grandbenidorm.es<\/span>\n\t\t\t\t\t\t\t\t\t\t\t<\/a>\n\t\t\t\t\t\t\t\t\t<\/li>\n\t\t\t\t\t\t<\/ul>\n\t\t\t\t\t\t<\/div>\n\t\t\t\t<\/div>\n\t\t\t\t<\/main>\n\t\t\t\t<\/div>\n\t\t\t\t\t<\/div>\n\t\t\t\t<\/div>\n\t\t<div class=\"elementor-element elementor-element-0873f20 e-flex e-con-boxed e-con e-parent\" data-id=\"0873f20\" data-element_type=\"container\" data-e-type=\"container\">\n\t\t\t\t\t<div class=\"e-con-inner\">\n\t\t<div class=\"elementor-element elementor-element-8c7c22f e-con-full e-flex e-con e-child\" data-id=\"8c7c22f\" data-element_type=\"container\" data-e-type=\"container\">\n\t\t<div class=\"elementor-element elementor-element-7e1245f e-con-full e-flex e-con e-child\" data-id=\"7e1245f\" data-element_type=\"container\" data-e-type=\"container\">\n\t\t\t\t<div class=\"elementor-element elementor-element-b4b6ae8 elementor-widget elementor-widget-spacer\" data-id=\"b4b6ae8\" data-element_type=\"widget\" data-e-type=\"widget\" data-widget_type=\"spacer.default\">\n\t\t\t\t<div class=\"elementor-widget-container\">\n\t\t\t\t\t\t\t<div class=\"elementor-spacer\">\n\t\t\t<div class=\"elementor-spacer-inner\"><\/div>\n\t\t<\/div>\n\t\t\t\t\t\t<\/div>\n\t\t\t\t<\/div>\n\t\t\t\t<\/div>\n\t\t\t\t<\/div>\n\t\t\t\t\t<\/div>\n\t\t\t\t<\/div>\n\t\t\t\t<\/div>","protected":false},"excerpt":{"rendered":"<p>Pol\u00edtica de privacidad Grand Dubai Grand Dubai \u2013 (Grand Dubai \/ www.granddubai.es) salvaguarda la seguridad de sus datos personales con la m\u00e1xima integridad y consideraci\u00f3n. Nuestro sitio web https:\/\/grandbenidorm.es\/ est\u00e1 encriptado con certificados HTTPS\/SSL. El certificado est\u00e1 dise\u00f1ado para evitar que personas no autorizadas vean la informaci\u00f3n enviada entre servidores. Aqu\u00ed explicamos c\u00f3mo recopilamos y [&hellip;]<\/p>\n","protected":false},"author":1,"featured_media":808,"parent":0,"menu_order":0,"comment_status":"closed","ping_status":"open","template":"elementor_header_footer","meta":{"footnotes":""},"class_list":["post-3","page","type-page","status-publish","has-post-thumbnail","hentry"],"yoast_head":"<!-- This site is optimized with the Yoast SEO plugin v27.1.1 - https:\/\/yoast.com\/product\/yoast-seo-wordpress\/ -->\n<title>Pol\u00edtica de privacidad - Grand Benidorm<\/title>\n<meta name=\"description\" content=\"Grand Dubai \u2013 (Grand Dubai \/ www.granddubai.es) salvaguarda la seguridad de sus datos personales con la m\u00e1xima integridad y consideraci\u00f3n.\" \/>\n<meta name=\"robots\" content=\"index, follow, max-snippet:-1, max-image-preview:large, max-video-preview:-1\" \/>\n<link rel=\"canonical\" href=\"https:\/\/grandbenidorm.es\/en\/politica-de-privacidad\/\" \/>\n<meta property=\"og:locale\" content=\"en_US\" \/>\n<meta property=\"og:type\" content=\"article\" \/>\n<meta property=\"og:title\" content=\"Pol\u00edtica\" \/>\n<meta property=\"og:description\" content=\"Grand Dubai \u2013 (Grand Dubai \/ www.granddubai.es) salvaguarda la seguridad de sus datos personales con la m\u00e1xima integridad y consideraci\u00f3n.\" \/>\n<meta property=\"og:url\" content=\"https:\/\/grandbenidorm.es\/en\/politica-de-privacidad\/\" \/>\n<meta property=\"og:site_name\" content=\"Grand Benidorm\" \/>\n<meta property=\"article:modified_time\" content=\"2025-11-29T20:46:51+00:00\" \/>\n<meta property=\"og:image\" content=\"https:\/\/grandbenidorm.es\/wp-content\/uploads\/2025\/05\/Grand-Dubai.png\" \/>\n\t<meta property=\"og:image:width\" content=\"300\" \/>\n\t<meta property=\"og:image:height\" content=\"200\" \/>\n\t<meta property=\"og:image:type\" content=\"image\/png\" \/>\n<meta name=\"twitter:card\" content=\"summary_large_image\" \/>\n<meta name=\"twitter:title\" content=\"Pol\u00edtica\" \/>\n<meta name=\"twitter:description\" content=\"Grand Dubai \u2013 (Grand Dubai \/ www.granddubai.es) salvaguarda la seguridad de sus datos personales con la m\u00e1xima integridad y consideraci\u00f3n.\" \/>\n<meta name=\"twitter:image\" content=\"https:\/\/grandbenidorm.es\/wp-content\/uploads\/2025\/05\/Grand-Dubai.png\" \/>\n<meta name=\"twitter:label1\" content=\"Est. reading time\" \/>\n\t<meta name=\"twitter:data1\" content=\"3 minutes\" \/>\n<script type=\"application\/ld+json\" class=\"yoast-schema-graph\">{\"@context\":\"https:\/\/schema.org\",\"@graph\":[{\"@type\":\"WebPage\",\"@id\":\"https:\/\/grandbenidorm.es\/politica-de-privacidad\/\",\"url\":\"https:\/\/grandbenidorm.es\/politica-de-privacidad\/\",\"name\":\"Pol\u00edtica de privacidad - Grand Benidorm\",\"isPartOf\":{\"@id\":\"https:\/\/grandbenidorm.es\/#website\"},\"primaryImageOfPage\":{\"@id\":\"https:\/\/grandbenidorm.es\/politica-de-privacidad\/#primaryimage\"},\"image\":{\"@id\":\"https:\/\/grandbenidorm.es\/politica-de-privacidad\/#primaryimage\"},\"thumbnailUrl\":\"https:\/\/grandbenidorm.es\/wp-content\/uploads\/2025\/11\/Grand-Benidorm-Logo-Google-V3-1.png\",\"datePublished\":\"2025-04-15T07:55:33+00:00\",\"dateModified\":\"2025-11-29T20:46:51+00:00\",\"description\":\"Grand Dubai \u2013 (Grand Dubai \/ www.granddubai.es) salvaguarda la seguridad de sus datos personales con la m\u00e1xima integridad y consideraci\u00f3n.\",\"breadcrumb\":{\"@id\":\"https:\/\/grandbenidorm.es\/politica-de-privacidad\/#breadcrumb\"},\"inLanguage\":\"en-US\",\"potentialAction\":[{\"@type\":\"ReadAction\",\"target\":[\"https:\/\/grandbenidorm.es\/politica-de-privacidad\/\"]}]},{\"@type\":\"ImageObject\",\"inLanguage\":\"en-US\",\"@id\":\"https:\/\/grandbenidorm.es\/politica-de-privacidad\/#primaryimage\",\"url\":\"https:\/\/grandbenidorm.es\/wp-content\/uploads\/2025\/11\/Grand-Benidorm-Logo-Google-V3-1.png\",\"contentUrl\":\"https:\/\/grandbenidorm.es\/wp-content\/uploads\/2025\/11\/Grand-Benidorm-Logo-Google-V3-1.png\",\"width\":446,\"height\":315,\"caption\":\"Grand Benidorm\"},{\"@type\":\"BreadcrumbList\",\"@id\":\"https:\/\/grandbenidorm.es\/politica-de-privacidad\/#breadcrumb\",\"itemListElement\":[{\"@type\":\"ListItem\",\"position\":1,\"name\":\"Hem\",\"item\":\"https:\/\/grandbenidorm.es\/\"},{\"@type\":\"ListItem\",\"position\":2,\"name\":\"Pol\u00edtica de privacidad\"}]},{\"@type\":\"WebSite\",\"@id\":\"https:\/\/grandbenidorm.es\/#website\",\"url\":\"https:\/\/grandbenidorm.es\/\",\"name\":\"Grand Benidorm\",\"description\":\"Dub\u00e1i en el plato \u2013 Espa\u00f1a en el coraz\u00f3n\",\"publisher\":{\"@id\":\"https:\/\/grandbenidorm.es\/#organization\"},\"alternateName\":\"Grand Benidorm\",\"potentialAction\":[{\"@type\":\"SearchAction\",\"target\":{\"@type\":\"EntryPoint\",\"urlTemplate\":\"https:\/\/grandbenidorm.es\/?s={search_term_string}\"},\"query-input\":{\"@type\":\"PropertyValueSpecification\",\"valueRequired\":true,\"valueName\":\"search_term_string\"}}],\"inLanguage\":\"en-US\"},{\"@type\":\"Organization\",\"@id\":\"https:\/\/grandbenidorm.es\/#organization\",\"name\":\"Grand Benidorm\",\"alternateName\":\"Grand Benidorm\",\"url\":\"https:\/\/grandbenidorm.es\/\",\"logo\":{\"@type\":\"ImageObject\",\"inLanguage\":\"en-US\",\"@id\":\"https:\/\/grandbenidorm.es\/#\/schema\/logo\/image\/\",\"url\":\"https:\/\/grandbenidorm.es\/wp-content\/uploads\/2025\/11\/Grand-Ny-Logo-1.svg\",\"contentUrl\":\"https:\/\/grandbenidorm.es\/wp-content\/uploads\/2025\/11\/Grand-Ny-Logo-1.svg\",\"width\":734,\"height\":425,\"caption\":\"Grand Benidorm\"},\"image\":{\"@id\":\"https:\/\/grandbenidorm.es\/#\/schema\/logo\/image\/\"},\"sameAs\":[\"https:\/\/www.instagram.com\/granddubaispain\/\",\"https:\/\/api.whatsapp.com\/send?phone=46709998893\"]}]}<\/script>\n<!-- \/ Yoast SEO plugin. -->","yoast_head_json":{"title":"Pol\u00edtica de privacidad - Grand Benidorm","description":"Grand Dubai \u2013 (Grand Dubai \/ www.granddubai.es) salvaguarda la seguridad de sus datos personales con la m\u00e1xima integridad y consideraci\u00f3n.","robots":{"index":"index","follow":"follow","max-snippet":"max-snippet:-1","max-image-preview":"max-image-preview:large","max-video-preview":"max-video-preview:-1"},"canonical":"https:\/\/grandbenidorm.es\/en\/politica-de-privacidad\/","og_locale":"en_US","og_type":"article","og_title":"Pol\u00edtica","og_description":"Grand Dubai \u2013 (Grand Dubai \/ www.granddubai.es) salvaguarda la seguridad de sus datos personales con la m\u00e1xima integridad y consideraci\u00f3n.","og_url":"https:\/\/grandbenidorm.es\/en\/politica-de-privacidad\/","og_site_name":"Grand Benidorm","article_modified_time":"2025-11-29T20:46:51+00:00","og_image":[{"width":300,"height":200,"url":"https:\/\/grandbenidorm.es\/wp-content\/uploads\/2025\/05\/Grand-Dubai.png","type":"image\/png"}],"twitter_card":"summary_large_image","twitter_title":"Pol\u00edtica","twitter_description":"Grand Dubai \u2013 (Grand Dubai \/ www.granddubai.es) salvaguarda la seguridad de sus datos personales con la m\u00e1xima integridad y consideraci\u00f3n.","twitter_image":"https:\/\/grandbenidorm.es\/wp-content\/uploads\/2025\/05\/Grand-Dubai.png","twitter_misc":{"Est. reading time":"3 minutes"},"schema":{"@context":"https:\/\/schema.org","@graph":[{"@type":"WebPage","@id":"https:\/\/grandbenidorm.es\/politica-de-privacidad\/","url":"https:\/\/grandbenidorm.es\/politica-de-privacidad\/","name":"Pol\u00edtica de privacidad - Grand Benidorm","isPartOf":{"@id":"https:\/\/grandbenidorm.es\/#website"},"primaryImageOfPage":{"@id":"https:\/\/grandbenidorm.es\/politica-de-privacidad\/#primaryimage"},"image":{"@id":"https:\/\/grandbenidorm.es\/politica-de-privacidad\/#primaryimage"},"thumbnailUrl":"https:\/\/grandbenidorm.es\/wp-content\/uploads\/2025\/11\/Grand-Benidorm-Logo-Google-V3-1.png","datePublished":"2025-04-15T07:55:33+00:00","dateModified":"2025-11-29T20:46:51+00:00","description":"Grand Dubai \u2013 (Grand Dubai \/ www.granddubai.es) salvaguarda la seguridad de sus datos personales con la m\u00e1xima integridad y consideraci\u00f3n.","breadcrumb":{"@id":"https:\/\/grandbenidorm.es\/politica-de-privacidad\/#breadcrumb"},"inLanguage":"en-US","potentialAction":[{"@type":"ReadAction","target":["https:\/\/grandbenidorm.es\/politica-de-privacidad\/"]}]},{"@type":"ImageObject","inLanguage":"en-US","@id":"https:\/\/grandbenidorm.es\/politica-de-privacidad\/#primaryimage","url":"https:\/\/grandbenidorm.es\/wp-content\/uploads\/2025\/11\/Grand-Benidorm-Logo-Google-V3-1.png","contentUrl":"https:\/\/grandbenidorm.es\/wp-content\/uploads\/2025\/11\/Grand-Benidorm-Logo-Google-V3-1.png","width":446,"height":315,"caption":"Grand Benidorm"},{"@type":"BreadcrumbList","@id":"https:\/\/grandbenidorm.es\/politica-de-privacidad\/#breadcrumb","itemListElement":[{"@type":"ListItem","position":1,"name":"Hem","item":"https:\/\/grandbenidorm.es\/"},{"@type":"ListItem","position":2,"name":"Pol\u00edtica de privacidad"}]},{"@type":"WebSite","@id":"https:\/\/grandbenidorm.es\/#website","url":"https:\/\/grandbenidorm.es\/","name":"Grand Benidorm","description":"Dub\u00e1i en el plato \u2013 Espa\u00f1a en el coraz\u00f3n","publisher":{"@id":"https:\/\/grandbenidorm.es\/#organization"},"alternateName":"Grand Benidorm","potentialAction":[{"@type":"SearchAction","target":{"@type":"EntryPoint","urlTemplate":"https:\/\/grandbenidorm.es\/?s={search_term_string}"},"query-input":{"@type":"PropertyValueSpecification","valueRequired":true,"valueName":"search_term_string"}}],"inLanguage":"en-US"},{"@type":"Organization","@id":"https:\/\/grandbenidorm.es\/#organization","name":"Grand Benidorm","alternateName":"Grand Benidorm","url":"https:\/\/grandbenidorm.es\/","logo":{"@type":"ImageObject","inLanguage":"en-US","@id":"https:\/\/grandbenidorm.es\/#\/schema\/logo\/image\/","url":"https:\/\/grandbenidorm.es\/wp-content\/uploads\/2025\/11\/Grand-Ny-Logo-1.svg","contentUrl":"https:\/\/grandbenidorm.es\/wp-content\/uploads\/2025\/11\/Grand-Ny-Logo-1.svg","width":734,"height":425,"caption":"Grand Benidorm"},"image":{"@id":"https:\/\/grandbenidorm.es\/#\/schema\/logo\/image\/"},"sameAs":["https:\/\/www.instagram.com\/granddubaispain\/","https:\/\/api.whatsapp.com\/send?phone=46709998893"]}]}},"_links":{"self":[{"href":"https:\/\/grandbenidorm.es\/en\/wp-json\/wp\/v2\/pages\/3","targetHints":{"allow":["GET"]}}],"collection":[{"href":"https:\/\/grandbenidorm.es\/en\/wp-json\/wp\/v2\/pages"}],"about":[{"href":"https:\/\/grandbenidorm.es\/en\/wp-json\/wp\/v2\/types\/page"}],"author":[{"embeddable":true,"href":"https:\/\/grandbenidorm.es\/en\/wp-json\/wp\/v2\/users\/1"}],"replies":[{"embeddable":true,"href":"https:\/\/grandbenidorm.es\/en\/wp-json\/wp\/v2\/comments?post=3"}],"version-history":[{"count":28,"href":"https:\/\/grandbenidorm.es\/en\/wp-json\/wp\/v2\/pages\/3\/revisions"}],"predecessor-version":[{"id":618,"href":"https:\/\/grandbenidorm.es\/en\/wp-json\/wp\/v2\/pages\/3\/revisions\/618"}],"wp:featuredmedia":[{"embeddable":true,"href":"https:\/\/grandbenidorm.es\/en\/wp-json\/wp\/v2\/media\/808"}],"wp:attachment":[{"href":"https:\/\/grandbenidorm.es\/en\/wp-json\/wp\/v2\/media?parent=3"}],"curies":[{"name":"wp","href":"https:\/\/api.w.org\/{rel}","templated":true}]}}